{"id":867,"date":"2022-12-17T17:42:02","date_gmt":"2022-12-17T16:42:02","guid":{"rendered":"https:\/\/denis-zammit.com\/?page_id=867"},"modified":"2025-10-27T14:32:40","modified_gmt":"2025-10-27T13:32:40","slug":"parcours","status":"publish","type":"page","link":"https:\/\/denis-zammit.com\/en\/parcours\/","title":{"rendered":"Career"},"content":{"rendered":"<h2 class=\"wp-block-heading\"><\/h2>\n\n\n\n<p><\/p>\n\n\n\n<p><\/p>\n\n\n\n<p><strong>2025<\/strong> Salon Comparaisons Groupe \u00ab\u00a0Signes et traces\u00a0\u00bbArt Capital- Grand Palais &#8211; Paris \/ Conversations avec Patrice Poutout Ancienne \u00c9glise Saint Laurent \u2013 Eygali\u00e8res \/ Paysages int\u00e9rieurs Salle R. Casteau \u2013 Roussillon en Provence \/ Bulthaup boutique St R\u00e9my de Provence \/ Ouverture d&rsquo;atelier Blauvac \/ M\u00e9diath\u00e8que de Pernes les Fontaines <\/p>\n\n\n\n<p><strong>2024<\/strong> Salon \u00ab&nbsp;Comparaisons&nbsp;\u00bb Groupe \u00ab&nbsp;Signes et traces&nbsp;\u00bb Art Capital \u2013 Grand Palais \u00c9ph\u00e9m\u00e8re \u2013 Paris \/ Galerie \u00ab&nbsp;Ombre et Lumi\u00e8re&nbsp;\u00bb &#8211; Venterol \/ E dans l&rsquo;O exposition collective &#8211; Gordes \/ Chapelle Ste Th\u00e8cle &#8211; S\u00e9guret \/ Ch\u00e2teau de Musinens &#8211; Valserh\u00f4ne \/ Les 111 des Arts Paris &#8211; Mairie du 8\u00e8me \/ 2\u00e8me Salon d&rsquo;Art Contemporain &#8211; Clo\u00eetre Saint Louis &#8211; Avignon<\/p>\n\n\n\n<p><strong>2023<\/strong> Comparaisons groupe \u00ab&nbsp;Signes et traces&nbsp;\u00bb Art Capital Grand Palais \u00c9ph\u00e9m\u00e8re &#8211; Paris \/ Galerie Noir et Blanc \u2013 Exposition Hors les murs -Bastia \/ La Remise &#8211; Les Baux de B\u00e9doin \/ Autre Ville Parcours d&rsquo;Art Contemporain &#8211; Cit\u00e9 m\u00e9di\u00e9vale Vaison la Romaine \/ Espace Richard Casteau &#8211; Roussillon \/ Les 111 des Arts Paris &#8211; Mairie du 8\u00e8me<\/p>\n\n\n\n<p><strong>2022<\/strong>&nbsp; Les 111 des Arts &#8211; Mairie du 8\u00e8me arrondissement \u2013 Paris \/ Chemin des Artistes \u2013 Ch\u00e2teaudouble \/&nbsp; \u00ab\u00a0Reflets\u00a0\u00bb autour de l&rsquo;eau et de la forme humaine &#8211; Blauvac \/ Autre Ville Parcours d&rsquo;Art &#8211; Cit\u00e9 m\u00e9di\u00e9vale de Vaison la Romaine \/ Moulin de la Filature \u00ab\u00a0Intimes reflets\u00a0\u00bb Le Blanc &#8211; Indre \/ Comparaisons groupe \u00ab\u00a0Signes et traces\u00a0\u00bb Jean-Jacques Lapoirie &#8211; Grand Palais \u00c9ph\u00e9m\u00e8re Art Capital \u2013 Paris<\/p>\n\n\n\n<p><strong>2021<\/strong> 6 Weekends d&rsquo;Art Contemporain Nancy \/ Chablis fait le mur APPAC Chablis \/ Salon Art&rsquo;Pr\u00e9sent Saulieu \/ Galerie Thuillier Paris \/ Galerie Mus\u00e9e Fran\u00e7ois Pompon Saulieu<\/p>\n\n\n\n<p><strong>2020<\/strong> Art-Capital Salon des artistes fran\u00e7ais Grand Palais Paris\/ Atelier Galerie 111 Crillon le Brave \/ Ch\u00e2teau m\u00e9di\u00e9val de Simiane la Rotonde \u2013 Alpes de Haute Provence \/ Dialogue d&rsquo;Artistes &#8211; Rotary &#8211; La lune Bleue Chapelle du Coll\u00e8ge Carpentras<\/p>\n\n\n\n<p><strong>2019<\/strong> Maison des Arts Contemporains d&rsquo;Avignon Clo\u00eetre Saint Louis Avignon \/ Moisson d&rsquo;\u00e9t\u00e9 CEVAD Carpentras<\/p>\n\n\n\n<p><strong>2018<\/strong> Studio UM Avignon \/ Salon des Beaux-Arts de Garches \/ Atelier Galerie 111 Crillon le Brave<\/p>\n\n\n\n<p><strong>2017<\/strong> L\u2019R du Cormoran Pernes les Fontaines \/ Atelier Galerie 111 Crillon Le Brave \/ Parallax Art Fair Chelsea-Londres \/ Artbox Project Euroairport Basel \/ Bijouterie Stefanie Schuetz Villes sur Auzon<\/p>\n\n\n\n<p><strong>2016<\/strong> Atelier Galerie 111 Crillon le Brave \/ Atelier des Arts B\u00e9doin \/ Espace Castillon Toulon<\/p>\n\n\n\n<p><strong>2015<\/strong> Atelier Galerie 111 Crillon le Brave \/ H\u00f4tel L\u2019Esplan St Paul les trois ch\u00e2teaux \/ Galerie Espace Castillon Toulon \/ Salle du conseil Mairie de St Didier \/ Atelier des arts B\u00e9doin<\/p>\n\n\n\n<p><strong>2014<\/strong> Galerie Espace Castillon Toulon \/ Le Vieil H\u00f4pital Caromb\/ Salon d\u2019art abstrait de Crillon le Brave \/ Galerie Atelier des Arts B\u00e9doin \/ Invit\u00e9 d\u2019honneur Chapelle du Coll\u00e8ge de Carpentras \/ H\u00f4tel La Garance Sainte Colombe<\/p>\n\n\n\n<p><strong>2013<\/strong> Galerie des Origines Vaison la Romaine \/ Salon d\u2019art abstrait contemporain Crillon le Brave Galerie Atelier des Arts Bedoin<\/p>\n\n\n\n<p>2012 Galerie Atelier des Arts Bedoin \/Ch\u00e2teau Pesqui\u00e9 Mormoiron \/Salle Marie Mauron Cheval Blanc \/ Salon d\u2019art abstrait contemporain Crillon le Brave<\/p>\n\n\n\n<p><strong>2011<\/strong> Galerie Atelier des Arts Bedoin \/Mairie de Crillon le Brave \/ Ventes aux ench\u00e8res Dominique Stal Ma\u00eetre Bertrand Fraisse Paris<\/p>\n\n\n\n<p><strong>2010<\/strong> Cabinet Mazaudier Malemort \/JPC Cr\u00e9ation Carpentras \/ Cave Rasteau Ortas<\/p>\n\n\n\n<p><strong>2009<\/strong> Chapelle du Coll\u00e8ge Carpentras \/TXCELL Valbonne \/ Maison rurale Buis les Baronnies Tag Immo Nice<\/p>\n\n\n\n<p><strong>2008<\/strong> Cafe\u00efna Gigondas \/ Pygmento Avignon \/ TXCELL Sophia Antipolis<\/p>\n\n\n\n<p><strong>2007<\/strong> Espace Sophia Antipolis<\/p>\n\n\n\n<p><strong>2006<\/strong> Galerie Annie Wable Lille \/ Boulogne sur mer\/Les Terrasses d\u2019Antipolis<\/p>\n\n\n\n<p><strong>2005<\/strong> Galerie aux 3aches Lyon<\/p>\n\n\n\n<p><strong>2004<\/strong> IZO Cr\u00e9ation Cavaillon \/ Espace Galerie St Paul de Vence<\/p>\n\n\n\n<p><strong>2003<\/strong> Galerie La rue des Arts Eygali\u00e8res<\/p>\n\n\n\n<p><strong>2002<\/strong> Atelier C. Jourdan Lyon \/ Galerie Le Pont des Arts Avignon \/ La Maline Ile de R\u00e9<\/p>\n\n\n\n<p><strong>2001<\/strong> Th\u00e9\u00e2tre des clochards c\u00e9lestes \u00bb Lyon \/ Galerie Le Pont des Arts Avignon<\/p>\n\n\n\n<p><strong>2000<\/strong> Centre Culturel de Teruel \u2013 Aragon (ESP) \/ Espace Gens Ville Art Avignon<\/p>\n\n\n\n<p><strong>1999<\/strong> Bouchon des Archives Paris \/ La Roquette Paris<\/p>\n\n\n\n<p><strong>1998<\/strong> Th\u00e9\u00e2tre du Chien qui Fume Avignon<\/p>","protected":false},"excerpt":{"rendered":"<p>2025 Salon Comparaisons Groupe \u00ab\u00a0Signes et traces\u00a0\u00bbArt Capital- Grand Palais &#8211; Paris \/ Conversations avec Patrice Poutout Ancienne \u00c9glise Saint Laurent \u2013 Eygali\u00e8res \/ Paysages int\u00e9rieurs Salle R. Casteau \u2013 Roussillon en Provence \/ Bulthaup boutique St R\u00e9my de Provence \/ Ouverture d&rsquo;atelier Blauvac \/ M\u00e9diath\u00e8que de Pernes les Fontaines 2024 Salon \u00ab&nbsp;Comparaisons&nbsp;\u00bb Groupe \u00ab&nbsp;Signes [&hellip;]<\/p>\n","protected":false},"author":1,"featured_media":0,"parent":0,"menu_order":0,"comment_status":"closed","ping_status":"closed","template":"","meta":{"footnotes":""},"class_list":["post-867","page","type-page","status-publish","hentry"],"_links":{"self":[{"href":"https:\/\/denis-zammit.com\/en\/wp-json\/wp\/v2\/pages\/867","targetHints":{"allow":["GET"]}}],"collection":[{"href":"https:\/\/denis-zammit.com\/en\/wp-json\/wp\/v2\/pages"}],"about":[{"href":"https:\/\/denis-zammit.com\/en\/wp-json\/wp\/v2\/types\/page"}],"author":[{"embeddable":true,"href":"https:\/\/denis-zammit.com\/en\/wp-json\/wp\/v2\/users\/1"}],"replies":[{"embeddable":true,"href":"https:\/\/denis-zammit.com\/en\/wp-json\/wp\/v2\/comments?post=867"}],"version-history":[{"count":13,"href":"https:\/\/denis-zammit.com\/en\/wp-json\/wp\/v2\/pages\/867\/revisions"}],"predecessor-version":[{"id":2481,"href":"https:\/\/denis-zammit.com\/en\/wp-json\/wp\/v2\/pages\/867\/revisions\/2481"}],"wp:attachment":[{"href":"https:\/\/denis-zammit.com\/en\/wp-json\/wp\/v2\/media?parent=867"}],"curies":[{"name":"wp","href":"https:\/\/api.w.org\/{rel}","templated":true}]}}