{"id":2500,"date":"2026-02-11T15:25:52","date_gmt":"2026-02-11T14:25:52","guid":{"rendered":"https:\/\/denis-zammit.com\/?page_id=2500"},"modified":"2026-04-09T10:46:20","modified_gmt":"2026-04-09T08:46:20","slug":"2026-peintures","status":"publish","type":"page","link":"https:\/\/denis-zammit.com\/en\/2026-peintures\/","title":{"rendered":"2026 Paintings"},"content":{"rendered":"<div class=\"wp-block-image\">\n<figure class=\"aligncenter size-large is-resized\"><a href=\"https:\/\/denis-zammit.com\/wp-content\/uploads\/2026\/02\/20658-60x30-Technique-mixte-sur-toile-Serie-Sodalite-1-scaled.jpg\"><img loading=\"lazy\" decoding=\"async\" width=\"540\" height=\"1080\" src=\"https:\/\/denis-zammit.com\/wp-content\/uploads\/2026\/02\/20658-60x30-Technique-mixte-sur-toile-Serie-Sodalite-1-540x1080.jpg\" alt=\"\" class=\"wp-image-2502\" style=\"width:359px;height:auto\" srcset=\"https:\/\/denis-zammit.com\/wp-content\/uploads\/2026\/02\/20658-60x30-Technique-mixte-sur-toile-Serie-Sodalite-1-540x1080.jpg 540w, https:\/\/denis-zammit.com\/wp-content\/uploads\/2026\/02\/20658-60x30-Technique-mixte-sur-toile-Serie-Sodalite-1-150x300.jpg 150w, https:\/\/denis-zammit.com\/wp-content\/uploads\/2026\/02\/20658-60x30-Technique-mixte-sur-toile-Serie-Sodalite-1-768x1536.jpg 768w, https:\/\/denis-zammit.com\/wp-content\/uploads\/2026\/02\/20658-60x30-Technique-mixte-sur-toile-Serie-Sodalite-1-1024x2048.jpg 1024w, https:\/\/denis-zammit.com\/wp-content\/uploads\/2026\/02\/20658-60x30-Technique-mixte-sur-toile-Serie-Sodalite-1-6x12.jpg 6w, https:\/\/denis-zammit.com\/wp-content\/uploads\/2026\/02\/20658-60x30-Technique-mixte-sur-toile-Serie-Sodalite-1-scaled.jpg 1280w\" sizes=\"auto, (max-width: 540px) 100vw, 540px\" \/><\/a><\/figure>\n<\/div>\n\n\n<p class=\"has-text-align-center\">#20658 Mixed media on canvas 24''x12''<\/p>\n\n\n<div class=\"wp-block-image\">\n<figure class=\"aligncenter size-large is-resized\"><a href=\"https:\/\/denis-zammit.com\/wp-content\/uploads\/2026\/02\/20661-60x30-Technique-mixte-sur-toile-Serie-Sodalite-scaled.jpg\"><img loading=\"lazy\" decoding=\"async\" width=\"540\" height=\"1080\" src=\"https:\/\/denis-zammit.com\/wp-content\/uploads\/2026\/02\/20661-60x30-Technique-mixte-sur-toile-Serie-Sodalite-540x1080.jpg\" alt=\"#20661 60x30 Technique mixte sur toile S\u00e9rie Sodalite\" class=\"wp-image-2503\" style=\"width:366px;height:auto\" srcset=\"https:\/\/denis-zammit.com\/wp-content\/uploads\/2026\/02\/20661-60x30-Technique-mixte-sur-toile-Serie-Sodalite-540x1080.jpg 540w, https:\/\/denis-zammit.com\/wp-content\/uploads\/2026\/02\/20661-60x30-Technique-mixte-sur-toile-Serie-Sodalite-150x300.jpg 150w, https:\/\/denis-zammit.com\/wp-content\/uploads\/2026\/02\/20661-60x30-Technique-mixte-sur-toile-Serie-Sodalite-768x1536.jpg 768w, https:\/\/denis-zammit.com\/wp-content\/uploads\/2026\/02\/20661-60x30-Technique-mixte-sur-toile-Serie-Sodalite-1024x2048.jpg 1024w, https:\/\/denis-zammit.com\/wp-content\/uploads\/2026\/02\/20661-60x30-Technique-mixte-sur-toile-Serie-Sodalite-6x12.jpg 6w, https:\/\/denis-zammit.com\/wp-content\/uploads\/2026\/02\/20661-60x30-Technique-mixte-sur-toile-Serie-Sodalite-scaled.jpg 1280w\" sizes=\"auto, (max-width: 540px) 100vw, 540px\" \/><\/a><\/figure>\n<\/div>\n\n\n<p class=\"has-text-align-center\">#20661 Mixed media on canvas 24''x12''<\/p>\n\n\n<div class=\"wp-block-image\">\n<figure class=\"aligncenter size-large is-resized\"><a href=\"https:\/\/denis-zammit.com\/wp-content\/uploads\/2026\/04\/20690-130x97-Technique-mixte-sur-toile-scaled.jpg\"><img loading=\"lazy\" decoding=\"async\" width=\"806\" height=\"1080\" src=\"https:\/\/denis-zammit.com\/wp-content\/uploads\/2026\/04\/20690-130x97-Technique-mixte-sur-toile-806x1080.jpg\" alt=\"#20690 130x97 Technique mixte sur toile S\u00e9rie Sodalite\" class=\"wp-image-2527\" style=\"width:374px;height:auto\" srcset=\"https:\/\/denis-zammit.com\/wp-content\/uploads\/2026\/04\/20690-130x97-Technique-mixte-sur-toile-806x1080.jpg 806w, https:\/\/denis-zammit.com\/wp-content\/uploads\/2026\/04\/20690-130x97-Technique-mixte-sur-toile-224x300.jpg 224w, https:\/\/denis-zammit.com\/wp-content\/uploads\/2026\/04\/20690-130x97-Technique-mixte-sur-toile-768x1029.jpg 768w, https:\/\/denis-zammit.com\/wp-content\/uploads\/2026\/04\/20690-130x97-Technique-mixte-sur-toile-1146x1536.jpg 1146w, https:\/\/denis-zammit.com\/wp-content\/uploads\/2026\/04\/20690-130x97-Technique-mixte-sur-toile-1528x2048.jpg 1528w, https:\/\/denis-zammit.com\/wp-content\/uploads\/2026\/04\/20690-130x97-Technique-mixte-sur-toile-9x12.jpg 9w, https:\/\/denis-zammit.com\/wp-content\/uploads\/2026\/04\/20690-130x97-Technique-mixte-sur-toile-scaled.jpg 1910w\" sizes=\"auto, (max-width: 806px) 100vw, 806px\" \/><\/a><\/figure>\n<\/div>\n\n\n<p class=\"has-text-align-center\">#20690 Mixed media on canvas 52''x38''<\/p>\n\n\n<div class=\"wp-block-image\">\n<figure class=\"aligncenter size-large is-resized\"><a href=\"https:\/\/denis-zammit.com\/wp-content\/uploads\/2026\/04\/20697-41x33-Technique-mixte-sur-toile-scaled.jpg\"><img loading=\"lazy\" decoding=\"async\" width=\"1342\" height=\"1080\" src=\"https:\/\/denis-zammit.com\/wp-content\/uploads\/2026\/04\/20697-41x33-Technique-mixte-sur-toile-1342x1080.jpg\" alt=\"#20697 41x33 Technique mixte sur toile S\u00e9rie Sodalite\" class=\"wp-image-2528\" style=\"aspect-ratio:1.242603550295858;width:374px;height:auto\" srcset=\"https:\/\/denis-zammit.com\/wp-content\/uploads\/2026\/04\/20697-41x33-Technique-mixte-sur-toile-1342x1080.jpg 1342w, https:\/\/denis-zammit.com\/wp-content\/uploads\/2026\/04\/20697-41x33-Technique-mixte-sur-toile-300x242.jpg 300w, https:\/\/denis-zammit.com\/wp-content\/uploads\/2026\/04\/20697-41x33-Technique-mixte-sur-toile-768x618.jpg 768w, https:\/\/denis-zammit.com\/wp-content\/uploads\/2026\/04\/20697-41x33-Technique-mixte-sur-toile-1536x1236.jpg 1536w, https:\/\/denis-zammit.com\/wp-content\/uploads\/2026\/04\/20697-41x33-Technique-mixte-sur-toile-2048x1649.jpg 2048w, https:\/\/denis-zammit.com\/wp-content\/uploads\/2026\/04\/20697-41x33-Technique-mixte-sur-toile-15x12.jpg 15w\" sizes=\"auto, (max-width: 1342px) 100vw, 1342px\" \/><\/a><\/figure>\n<\/div>\n\n\n<p class=\"has-text-align-center\">#20697 Mixed media on canvas 16''x13''<\/p>\n\n\n<div class=\"wp-block-image\">\n<figure class=\"aligncenter size-large is-resized\"><a href=\"https:\/\/denis-zammit.com\/wp-content\/uploads\/2026\/04\/20689-80x80-Technique-mixte-sur-toile-scaled.jpg\"><img loading=\"lazy\" decoding=\"async\" width=\"1080\" height=\"1080\" src=\"https:\/\/denis-zammit.com\/wp-content\/uploads\/2026\/04\/20689-80x80-Technique-mixte-sur-toile-1080x1080.jpg\" alt=\"#20689 80x80 Technique mixte sur toile S\u00e9rie Sodalite\" class=\"wp-image-2529\" style=\"width:384px;height:auto\" srcset=\"https:\/\/denis-zammit.com\/wp-content\/uploads\/2026\/04\/20689-80x80-Technique-mixte-sur-toile-1080x1080.jpg 1080w, https:\/\/denis-zammit.com\/wp-content\/uploads\/2026\/04\/20689-80x80-Technique-mixte-sur-toile-300x300.jpg 300w, https:\/\/denis-zammit.com\/wp-content\/uploads\/2026\/04\/20689-80x80-Technique-mixte-sur-toile-150x150.jpg 150w, https:\/\/denis-zammit.com\/wp-content\/uploads\/2026\/04\/20689-80x80-Technique-mixte-sur-toile-768x768.jpg 768w, https:\/\/denis-zammit.com\/wp-content\/uploads\/2026\/04\/20689-80x80-Technique-mixte-sur-toile-1536x1536.jpg 1536w, https:\/\/denis-zammit.com\/wp-content\/uploads\/2026\/04\/20689-80x80-Technique-mixte-sur-toile-2048x2048.jpg 2048w, https:\/\/denis-zammit.com\/wp-content\/uploads\/2026\/04\/20689-80x80-Technique-mixte-sur-toile-12x12.jpg 12w, https:\/\/denis-zammit.com\/wp-content\/uploads\/2026\/04\/20689-80x80-Technique-mixte-sur-toile-800x800.jpg 800w\" sizes=\"auto, (max-width: 1080px) 100vw, 1080px\" \/><\/a><\/figure>\n<\/div>\n\n\n<p class=\"has-text-align-center\">#20689 Mixed media on canvas 32''x32\"<\/p>\n\n\n\n<div class=\"wp-block-buttons is-content-justification-center is-layout-flex wp-container-core-buttons-is-layout-16018d1d wp-block-buttons-is-layout-flex\">\n<div class=\"wp-block-button is-style-outline is-style-outline--1\"><a class=\"wp-block-button__link has-black-color has-text-color has-link-color has-small-font-size has-text-align-center has-custom-font-size wp-element-button\" href=\"https:\/\/denis-zammit.com\/en\/galerie-peinture\/\">Back<\/a><\/div>\n<\/div>\n\n\n\n<p><\/p>","protected":false},"excerpt":{"rendered":"<p>#20658 60&#215;30 Technique mixte sur toile S\u00e9rie Sodalite #20661 60&#215;30 Technique mixte sur toile S\u00e9rie Sodalite #20690 130&#215;97 Technique mixte sur toile S\u00e9rie Sodalite #20697 41&#215;33 Technique mixte sur toile S\u00e9rie Sodalite #20689 80&#215;80 Technique mixte sur toile S\u00e9rie Sodalite<\/p>","protected":false},"author":2,"featured_media":0,"parent":0,"menu_order":0,"comment_status":"closed","ping_status":"closed","template":"","meta":{"footnotes":""},"class_list":["post-2500","page","type-page","status-publish","hentry"],"_links":{"self":[{"href":"https:\/\/denis-zammit.com\/en\/wp-json\/wp\/v2\/pages\/2500","targetHints":{"allow":["GET"]}}],"collection":[{"href":"https:\/\/denis-zammit.com\/en\/wp-json\/wp\/v2\/pages"}],"about":[{"href":"https:\/\/denis-zammit.com\/en\/wp-json\/wp\/v2\/types\/page"}],"author":[{"embeddable":true,"href":"https:\/\/denis-zammit.com\/en\/wp-json\/wp\/v2\/users\/2"}],"replies":[{"embeddable":true,"href":"https:\/\/denis-zammit.com\/en\/wp-json\/wp\/v2\/comments?post=2500"}],"version-history":[{"count":5,"href":"https:\/\/denis-zammit.com\/en\/wp-json\/wp\/v2\/pages\/2500\/revisions"}],"predecessor-version":[{"id":2530,"href":"https:\/\/denis-zammit.com\/en\/wp-json\/wp\/v2\/pages\/2500\/revisions\/2530"}],"wp:attachment":[{"href":"https:\/\/denis-zammit.com\/en\/wp-json\/wp\/v2\/media?parent=2500"}],"curies":[{"name":"wp","href":"https:\/\/api.w.org\/{rel}","templated":true}]}}