{"id":2468,"date":"2025-10-27T14:18:22","date_gmt":"2025-10-27T13:18:22","guid":{"rendered":"https:\/\/denis-zammit.com\/?page_id=2468"},"modified":"2025-10-27T14:18:22","modified_gmt":"2025-10-27T13:18:22","slug":"111-des-arts-paris","status":"publish","type":"page","link":"https:\/\/denis-zammit.com\/en\/111-des-arts-paris\/","title":{"rendered":"Arts Paris' 111"},"content":{"rendered":"<p><\/p>\n\n\n<div class=\"wp-block-image\">\n<figure class=\"aligncenter size-full\"><a href=\"https:\/\/denis-zammit.com\/wp-content\/uploads\/2025\/10\/111-des-arts-1.jpg\"><img loading=\"lazy\" decoding=\"async\" width=\"420\" height=\"595\" src=\"https:\/\/denis-zammit.com\/wp-content\/uploads\/2025\/10\/111-des-arts-1.jpg\" alt=\"Les 111 des Arts-Paris - 31\u00e8me Exposition vente - Marie du 8\u00e8me \" class=\"wp-image-2469\" srcset=\"https:\/\/denis-zammit.com\/wp-content\/uploads\/2025\/10\/111-des-arts-1.jpg 420w, https:\/\/denis-zammit.com\/wp-content\/uploads\/2025\/10\/111-des-arts-1-212x300.jpg 212w, https:\/\/denis-zammit.com\/wp-content\/uploads\/2025\/10\/111-des-arts-1-8x12.jpg 8w\" sizes=\"auto, (max-width: 420px) 100vw, 420px\" \/><\/a><\/figure>\n<\/div>\n\n\n<p class=\"has-text-align-center\">Arts Paris' 111 - 31st Exhibition sale<\/p>\n\n\n\n<p><\/p>\n\n\n<div class=\"wp-block-image\">\n<figure class=\"aligncenter size-full is-resized\"><a href=\"https:\/\/denis-zammit.com\/wp-content\/uploads\/2025\/10\/20328.8-20x20-Technique-mixte-sur-carton-toile.jpg\"><img loading=\"lazy\" decoding=\"async\" width=\"500\" height=\"500\" src=\"https:\/\/denis-zammit.com\/wp-content\/uploads\/2025\/10\/20328.8-20x20-Technique-mixte-sur-carton-toile.jpg\" alt=\"Les 111 des Arts-Paris - 31\u00e8me Exposition vente - Mairie du 8\u00e8me\" class=\"wp-image-2466\" style=\"width:412px;height:auto\" srcset=\"https:\/\/denis-zammit.com\/wp-content\/uploads\/2025\/10\/20328.8-20x20-Technique-mixte-sur-carton-toile.jpg 500w, https:\/\/denis-zammit.com\/wp-content\/uploads\/2025\/10\/20328.8-20x20-Technique-mixte-sur-carton-toile-300x300.jpg 300w, https:\/\/denis-zammit.com\/wp-content\/uploads\/2025\/10\/20328.8-20x20-Technique-mixte-sur-carton-toile-150x150.jpg 150w, https:\/\/denis-zammit.com\/wp-content\/uploads\/2025\/10\/20328.8-20x20-Technique-mixte-sur-carton-toile-12x12.jpg 12w\" sizes=\"auto, (max-width: 500px) 100vw, 500px\" \/><\/a><\/figure>\n<\/div>\n\n\n<p class=\"has-text-align-center\">Arts Paris' 111 - 31st Exhibition sale<\/p>\n\n\n\n<p><\/p>\n\n\n<div class=\"wp-block-image\">\n<figure class=\"aligncenter size-full is-resized\"><a href=\"https:\/\/denis-zammit.com\/wp-content\/uploads\/2025\/10\/20328.1-20x20-Technique-mixte-sur-carton-toile.jpg\"><img loading=\"lazy\" decoding=\"async\" width=\"500\" height=\"500\" src=\"https:\/\/denis-zammit.com\/wp-content\/uploads\/2025\/10\/20328.1-20x20-Technique-mixte-sur-carton-toile.jpg\" alt=\"Les 111 des Arts-Paris - 31\u00e8me Exposition vente - Mairie du 8\u00e8me\" class=\"wp-image-2470\" style=\"width:416px;height:auto\" srcset=\"https:\/\/denis-zammit.com\/wp-content\/uploads\/2025\/10\/20328.1-20x20-Technique-mixte-sur-carton-toile.jpg 500w, https:\/\/denis-zammit.com\/wp-content\/uploads\/2025\/10\/20328.1-20x20-Technique-mixte-sur-carton-toile-300x300.jpg 300w, https:\/\/denis-zammit.com\/wp-content\/uploads\/2025\/10\/20328.1-20x20-Technique-mixte-sur-carton-toile-150x150.jpg 150w, https:\/\/denis-zammit.com\/wp-content\/uploads\/2025\/10\/20328.1-20x20-Technique-mixte-sur-carton-toile-12x12.jpg 12w\" sizes=\"auto, (max-width: 500px) 100vw, 500px\" \/><\/a><\/figure>\n<\/div>\n\n\n<p class=\"has-text-align-center\">Arts Paris' 111 - 31st Exhibition sale<\/p>\n\n\n\n<p><\/p>\n\n\n<div class=\"wp-block-image\">\n<figure class=\"aligncenter size-full is-resized\"><a href=\"https:\/\/denis-zammit.com\/wp-content\/uploads\/2025\/10\/20328.9-20x20-Technique-mixte-sur-carton-toile.jpg\"><img loading=\"lazy\" decoding=\"async\" width=\"500\" height=\"500\" src=\"https:\/\/denis-zammit.com\/wp-content\/uploads\/2025\/10\/20328.9-20x20-Technique-mixte-sur-carton-toile.jpg\" alt=\"Les 111 des Arts-Paris - 31\u00e8me Exposition vente - Mairie du 8\u00e8me\" class=\"wp-image-2474\" style=\"width:410px;height:auto\" srcset=\"https:\/\/denis-zammit.com\/wp-content\/uploads\/2025\/10\/20328.9-20x20-Technique-mixte-sur-carton-toile.jpg 500w, https:\/\/denis-zammit.com\/wp-content\/uploads\/2025\/10\/20328.9-20x20-Technique-mixte-sur-carton-toile-300x300.jpg 300w, https:\/\/denis-zammit.com\/wp-content\/uploads\/2025\/10\/20328.9-20x20-Technique-mixte-sur-carton-toile-150x150.jpg 150w, https:\/\/denis-zammit.com\/wp-content\/uploads\/2025\/10\/20328.9-20x20-Technique-mixte-sur-carton-toile-12x12.jpg 12w\" sizes=\"auto, (max-width: 500px) 100vw, 500px\" \/><\/a><\/figure>\n<\/div>\n\n\n<p class=\"has-text-align-center\">Arts Paris' 111 - 31st Exhibition sale<\/p>\n\n\n\n<p><\/p>\n\n\n<div class=\"wp-block-image\">\n<figure class=\"aligncenter size-full\"><a href=\"https:\/\/denis-zammit.com\/wp-content\/uploads\/2025\/10\/111-des-arts-2.jpg\"><img loading=\"lazy\" decoding=\"async\" width=\"420\" height=\"595\" src=\"https:\/\/denis-zammit.com\/wp-content\/uploads\/2025\/10\/111-des-arts-2.jpg\" alt=\"Les 111 des Arts-Paris - 31\u00e8me Exposition vente - Mairie du 8\u00e8me\" class=\"wp-image-2471\" srcset=\"https:\/\/denis-zammit.com\/wp-content\/uploads\/2025\/10\/111-des-arts-2.jpg 420w, https:\/\/denis-zammit.com\/wp-content\/uploads\/2025\/10\/111-des-arts-2-212x300.jpg 212w, https:\/\/denis-zammit.com\/wp-content\/uploads\/2025\/10\/111-des-arts-2-8x12.jpg 8w\" sizes=\"auto, (max-width: 420px) 100vw, 420px\" \/><\/a><\/figure>\n<\/div>\n\n\n<p class=\"has-text-align-center\">Arts Paris' 111 - 31st Exhibition sale<\/p>\n\n\n\n<p><\/p>\n\n\n\n<div class=\"wp-block-buttons is-content-justification-center is-layout-flex wp-container-core-buttons-is-layout-16018d1d wp-block-buttons-is-layout-flex\">\n<div class=\"wp-block-button is-style-outline is-style-outline--1\"><a class=\"wp-block-button__link has-black-color has-text-color has-link-color has-small-font-size has-custom-font-size wp-element-button\" href=\"https:\/\/denis-zammit.com\/en\/expositions-2025\/\">Back<\/a><\/div>\n<\/div>\n\n\n\n<p><\/p>","protected":false},"excerpt":{"rendered":"<p>Les 111 des Arts-Paris &#8211; 31\u00e8me Exposition vente Les 111 des Arts-Paris &#8211; 31\u00e8me Exposition vente Les 111 des Arts-Paris &#8211; 31\u00e8me Exposition vente Les 111 des Arts-Paris &#8211; 31\u00e8me Exposition vente Les 111 des Arts-Paris &#8211; 31\u00e8me Exposition vente<\/p>","protected":false},"author":2,"featured_media":0,"parent":0,"menu_order":0,"comment_status":"closed","ping_status":"closed","template":"","meta":{"footnotes":""},"class_list":["post-2468","page","type-page","status-publish","hentry"],"_links":{"self":[{"href":"https:\/\/denis-zammit.com\/en\/wp-json\/wp\/v2\/pages\/2468","targetHints":{"allow":["GET"]}}],"collection":[{"href":"https:\/\/denis-zammit.com\/en\/wp-json\/wp\/v2\/pages"}],"about":[{"href":"https:\/\/denis-zammit.com\/en\/wp-json\/wp\/v2\/types\/page"}],"author":[{"embeddable":true,"href":"https:\/\/denis-zammit.com\/en\/wp-json\/wp\/v2\/users\/2"}],"replies":[{"embeddable":true,"href":"https:\/\/denis-zammit.com\/en\/wp-json\/wp\/v2\/comments?post=2468"}],"version-history":[{"count":5,"href":"https:\/\/denis-zammit.com\/en\/wp-json\/wp\/v2\/pages\/2468\/revisions"}],"predecessor-version":[{"id":2477,"href":"https:\/\/denis-zammit.com\/en\/wp-json\/wp\/v2\/pages\/2468\/revisions\/2477"}],"wp:attachment":[{"href":"https:\/\/denis-zammit.com\/en\/wp-json\/wp\/v2\/media?parent=2468"}],"curies":[{"name":"wp","href":"https:\/\/api.w.org\/{rel}","templated":true}]}}