{"id":2446,"date":"2025-08-05T12:06:04","date_gmt":"2025-08-05T10:06:04","guid":{"rendered":"https:\/\/denis-zammit.com\/?page_id=2446"},"modified":"2025-08-05T12:27:48","modified_gmt":"2025-08-05T10:27:48","slug":"mediatheque-pernes-les-fontaines","status":"publish","type":"page","link":"https:\/\/denis-zammit.com\/en\/mediatheque-pernes-les-fontaines\/","title":{"rendered":"Media library Pernes les Fontaines"},"content":{"rendered":"<p><\/p>\n\n\n<div class=\"wp-block-image\">\n<figure class=\"aligncenter size-large is-resized\"><a href=\"https:\/\/denis-zammit.com\/wp-content\/uploads\/2025\/08\/affiche-mediatheque-pernes-09-2025.jpg\"><img loading=\"lazy\" decoding=\"async\" width=\"763\" height=\"1080\" src=\"https:\/\/denis-zammit.com\/wp-content\/uploads\/2025\/08\/affiche-mediatheque-pernes-09-2025-763x1080.jpg\" alt=\"Exposition M\u00e9diath\u00e8que de Pernes les Fontaines du 2 septembre au 11 octobre 2025\" class=\"wp-image-2447\" style=\"width:425px;height:auto\" srcset=\"https:\/\/denis-zammit.com\/wp-content\/uploads\/2025\/08\/affiche-mediatheque-pernes-09-2025-763x1080.jpg 763w, https:\/\/denis-zammit.com\/wp-content\/uploads\/2025\/08\/affiche-mediatheque-pernes-09-2025-212x300.jpg 212w, https:\/\/denis-zammit.com\/wp-content\/uploads\/2025\/08\/affiche-mediatheque-pernes-09-2025-768x1087.jpg 768w, https:\/\/denis-zammit.com\/wp-content\/uploads\/2025\/08\/affiche-mediatheque-pernes-09-2025-1085x1536.jpg 1085w, https:\/\/denis-zammit.com\/wp-content\/uploads\/2025\/08\/affiche-mediatheque-pernes-09-2025-8x12.jpg 8w, https:\/\/denis-zammit.com\/wp-content\/uploads\/2025\/08\/affiche-mediatheque-pernes-09-2025.jpg 1325w\" sizes=\"auto, (max-width: 763px) 100vw, 763px\" \/><\/a><\/figure>\n<\/div>\n\n\n<p class=\"has-text-align-center\">Media library Pernes les fontaines<\/p>\n\n\n\n<p><\/p>\n\n\n<div class=\"wp-block-image\">\n<figure class=\"aligncenter size-large is-resized\"><a href=\"https:\/\/denis-zammit.com\/wp-content\/uploads\/2025\/04\/Serie-terre-de-lumiere-1-scaled.jpg\"><img loading=\"lazy\" decoding=\"async\" width=\"523\" height=\"1080\" src=\"https:\/\/denis-zammit.com\/wp-content\/uploads\/2025\/04\/Serie-terre-de-lumiere-1-523x1080.jpg\" alt=\"Exposition M\u00e9diath\u00e8que de Pernes les Fontaines du 2 septembre au 11 octobre 2025\" class=\"wp-image-2387\" style=\"width:421px;height:auto\" srcset=\"https:\/\/denis-zammit.com\/wp-content\/uploads\/2025\/04\/Serie-terre-de-lumiere-1-523x1080.jpg 523w, https:\/\/denis-zammit.com\/wp-content\/uploads\/2025\/04\/Serie-terre-de-lumiere-1-145x300.jpg 145w, https:\/\/denis-zammit.com\/wp-content\/uploads\/2025\/04\/Serie-terre-de-lumiere-1-768x1587.jpg 768w, https:\/\/denis-zammit.com\/wp-content\/uploads\/2025\/04\/Serie-terre-de-lumiere-1-743x1536.jpg 743w, https:\/\/denis-zammit.com\/wp-content\/uploads\/2025\/04\/Serie-terre-de-lumiere-1-991x2048.jpg 991w, https:\/\/denis-zammit.com\/wp-content\/uploads\/2025\/04\/Serie-terre-de-lumiere-1-6x12.jpg 6w, https:\/\/denis-zammit.com\/wp-content\/uploads\/2025\/04\/Serie-terre-de-lumiere-1-scaled.jpg 1239w\" sizes=\"auto, (max-width: 523px) 100vw, 523px\" \/><\/a><\/figure>\n<\/div>\n\n\n<p class=\"has-text-align-center\">Media library Pernes les fontaines<\/p>\n\n\n\n<p><\/p>\n\n\n<div class=\"wp-block-image\">\n<figure class=\"aligncenter size-large is-resized\"><a href=\"https:\/\/denis-zammit.com\/wp-content\/uploads\/2025\/08\/18678-80x160-Technique-mixte-sur-toile.jpg\"><img loading=\"lazy\" decoding=\"async\" width=\"540\" height=\"1080\" src=\"https:\/\/denis-zammit.com\/wp-content\/uploads\/2025\/08\/18678-80x160-Technique-mixte-sur-toile-540x1080.jpg\" alt=\"\" class=\"wp-image-2455\" style=\"width:373px;height:auto\" srcset=\"https:\/\/denis-zammit.com\/wp-content\/uploads\/2025\/08\/18678-80x160-Technique-mixte-sur-toile-540x1080.jpg 540w, https:\/\/denis-zammit.com\/wp-content\/uploads\/2025\/08\/18678-80x160-Technique-mixte-sur-toile-150x300.jpg 150w, https:\/\/denis-zammit.com\/wp-content\/uploads\/2025\/08\/18678-80x160-Technique-mixte-sur-toile-768x1536.jpg 768w, https:\/\/denis-zammit.com\/wp-content\/uploads\/2025\/08\/18678-80x160-Technique-mixte-sur-toile-1024x2048.jpg 1024w, https:\/\/denis-zammit.com\/wp-content\/uploads\/2025\/08\/18678-80x160-Technique-mixte-sur-toile-6x12.jpg 6w, https:\/\/denis-zammit.com\/wp-content\/uploads\/2025\/08\/18678-80x160-Technique-mixte-sur-toile.jpg 1240w\" sizes=\"auto, (max-width: 540px) 100vw, 540px\" \/><\/a><\/figure>\n<\/div>\n\n\n<p class=\"has-text-align-center\">Media library Pernes les fontaines<\/p>\n\n\n\n<div class=\"wp-block-buttons is-content-justification-center is-layout-flex wp-container-core-buttons-is-layout-16018d1d wp-block-buttons-is-layout-flex\">\n<div class=\"wp-block-button is-style-outline is-style-outline--1\"><a class=\"wp-block-button__link has-black-color has-text-color has-link-color has-small-font-size has-text-align-center has-custom-font-size wp-element-button\" href=\"https:\/\/denis-zammit.com\/en\/expositions-2025\/\">Back<\/a><\/div>\n<\/div>","protected":false},"excerpt":{"rendered":"<p>M\u00e9diath\u00e8que de Pernes les Fontaines M\u00e9diath\u00e8que de Pernes les Fontaines M\u00e9diath\u00e8que de Pernes les Fontaines<\/p>","protected":false},"author":2,"featured_media":0,"parent":0,"menu_order":0,"comment_status":"closed","ping_status":"closed","template":"","meta":{"footnotes":""},"class_list":["post-2446","page","type-page","status-publish","hentry"],"_links":{"self":[{"href":"https:\/\/denis-zammit.com\/en\/wp-json\/wp\/v2\/pages\/2446","targetHints":{"allow":["GET"]}}],"collection":[{"href":"https:\/\/denis-zammit.com\/en\/wp-json\/wp\/v2\/pages"}],"about":[{"href":"https:\/\/denis-zammit.com\/en\/wp-json\/wp\/v2\/types\/page"}],"author":[{"embeddable":true,"href":"https:\/\/denis-zammit.com\/en\/wp-json\/wp\/v2\/users\/2"}],"replies":[{"embeddable":true,"href":"https:\/\/denis-zammit.com\/en\/wp-json\/wp\/v2\/comments?post=2446"}],"version-history":[{"count":5,"href":"https:\/\/denis-zammit.com\/en\/wp-json\/wp\/v2\/pages\/2446\/revisions"}],"predecessor-version":[{"id":2463,"href":"https:\/\/denis-zammit.com\/en\/wp-json\/wp\/v2\/pages\/2446\/revisions\/2463"}],"wp:attachment":[{"href":"https:\/\/denis-zammit.com\/en\/wp-json\/wp\/v2\/media?parent=2446"}],"curies":[{"name":"wp","href":"https:\/\/api.w.org\/{rel}","templated":true}]}}