{"id":2332,"date":"2025-04-07T09:56:45","date_gmt":"2025-04-07T07:56:45","guid":{"rendered":"https:\/\/denis-zammit.com\/?page_id=2332"},"modified":"2025-05-13T17:59:07","modified_gmt":"2025-05-13T15:59:07","slug":"eygalieres-ancienne-eglise-saint-laurent","status":"publish","type":"page","link":"https:\/\/denis-zammit.com\/en\/eygalieres-ancienne-eglise-saint-laurent\/","title":{"rendered":"Eygali\u00e8res - Old Church of Saint Laurent"},"content":{"rendered":"<div class=\"wp-block-image\">\n<figure class=\"aligncenter size-full is-resized\"><a href=\"https:\/\/denis-zammit.com\/wp-content\/uploads\/2025\/04\/affiche-eygalieres.jpg\"><img loading=\"lazy\" decoding=\"async\" width=\"744\" height=\"1000\" src=\"https:\/\/denis-zammit.com\/wp-content\/uploads\/2025\/04\/affiche-eygalieres.jpg\" alt=\"Ancienne \u00c9glise Saint Laurent - Eygali\u00e8res\" class=\"wp-image-2333\" style=\"width:450px;height:auto\" srcset=\"https:\/\/denis-zammit.com\/wp-content\/uploads\/2025\/04\/affiche-eygalieres.jpg 744w, https:\/\/denis-zammit.com\/wp-content\/uploads\/2025\/04\/affiche-eygalieres-223x300.jpg 223w, https:\/\/denis-zammit.com\/wp-content\/uploads\/2025\/04\/affiche-eygalieres-9x12.jpg 9w\" sizes=\"auto, (max-width: 744px) 100vw, 744px\" \/><\/a><\/figure>\n<\/div>\n\n\n<p class=\"has-text-align-center\">Old Church of Saint Laurent - Eygali\u00e8res<\/p>\n\n\n<div class=\"wp-block-image\">\n<figure class=\"aligncenter size-full is-resized\"><a href=\"https:\/\/denis-zammit.com\/wp-content\/uploads\/2025\/04\/flyer.verso_.jpg\"><img loading=\"lazy\" decoding=\"async\" width=\"713\" height=\"1000\" src=\"https:\/\/denis-zammit.com\/wp-content\/uploads\/2025\/04\/flyer.verso_.jpg\" alt=\"Ancienne \u00c9glise Saint Laurent - Eygali\u00e8res\" class=\"wp-image-2335\" style=\"width:455px;height:auto\" srcset=\"https:\/\/denis-zammit.com\/wp-content\/uploads\/2025\/04\/flyer.verso_.jpg 713w, https:\/\/denis-zammit.com\/wp-content\/uploads\/2025\/04\/flyer.verso_-214x300.jpg 214w, https:\/\/denis-zammit.com\/wp-content\/uploads\/2025\/04\/flyer.verso_-9x12.jpg 9w\" sizes=\"auto, (max-width: 713px) 100vw, 713px\" \/><\/a><\/figure>\n<\/div>\n\n\n<p class=\"has-text-align-center\">Old Church of Saint Laurent - Eygali\u00e8res<\/p>\n\n\n<div class=\"wp-block-image\">\n<figure class=\"aligncenter size-full is-resized\"><a href=\"https:\/\/denis-zammit.com\/wp-content\/uploads\/2025\/05\/1.jpg\"><img loading=\"lazy\" decoding=\"async\" width=\"750\" height=\"1000\" src=\"https:\/\/denis-zammit.com\/wp-content\/uploads\/2025\/05\/1.jpg\" alt=\"Ancienne \u00c9glise Saint Laurent - Eygali\u00e8res\" class=\"wp-image-2401\" style=\"width:452px;height:auto\" srcset=\"https:\/\/denis-zammit.com\/wp-content\/uploads\/2025\/05\/1.jpg 750w, https:\/\/denis-zammit.com\/wp-content\/uploads\/2025\/05\/1-225x300.jpg 225w, https:\/\/denis-zammit.com\/wp-content\/uploads\/2025\/05\/1-9x12.jpg 9w\" sizes=\"auto, (max-width: 750px) 100vw, 750px\" \/><\/a><\/figure>\n<\/div>\n\n\n<p class=\"has-text-align-center\">Old Church of Saint Laurent - Eygali\u00e8res<\/p>\n\n\n<div class=\"wp-block-image\">\n<figure class=\"aligncenter size-full is-resized\"><a href=\"https:\/\/denis-zammit.com\/wp-content\/uploads\/2025\/05\/2.jpg\"><img loading=\"lazy\" decoding=\"async\" width=\"758\" height=\"1000\" src=\"https:\/\/denis-zammit.com\/wp-content\/uploads\/2025\/05\/2.jpg\" alt=\"Ancienne \u00c9glise Saint Laurent - Eygali\u00e8res\" class=\"wp-image-2402\" style=\"width:456px;height:auto\" srcset=\"https:\/\/denis-zammit.com\/wp-content\/uploads\/2025\/05\/2.jpg 758w, https:\/\/denis-zammit.com\/wp-content\/uploads\/2025\/05\/2-227x300.jpg 227w, https:\/\/denis-zammit.com\/wp-content\/uploads\/2025\/05\/2-9x12.jpg 9w\" sizes=\"auto, (max-width: 758px) 100vw, 758px\" \/><\/a><\/figure>\n<\/div>\n\n\n<p class=\"has-text-align-center\">Old Church of Saint Laurent - Eygali\u00e8res<\/p>\n\n\n<div class=\"wp-block-image\">\n<figure class=\"aligncenter size-full is-resized\"><a href=\"https:\/\/denis-zammit.com\/wp-content\/uploads\/2025\/05\/3.jpg\"><img loading=\"lazy\" decoding=\"async\" width=\"750\" height=\"1000\" src=\"https:\/\/denis-zammit.com\/wp-content\/uploads\/2025\/05\/3.jpg\" alt=\"Ancienne \u00c9glise Saint Laurent - Eygali\u00e8res\" class=\"wp-image-2403\" style=\"width:460px;height:auto\" srcset=\"https:\/\/denis-zammit.com\/wp-content\/uploads\/2025\/05\/3.jpg 750w, https:\/\/denis-zammit.com\/wp-content\/uploads\/2025\/05\/3-225x300.jpg 225w, https:\/\/denis-zammit.com\/wp-content\/uploads\/2025\/05\/3-9x12.jpg 9w\" sizes=\"auto, (max-width: 750px) 100vw, 750px\" \/><\/a><\/figure>\n<\/div>\n\n\n<p class=\"has-text-align-center\">Old Church of Saint Laurent - Eygali\u00e8res<\/p>\n\n\n<div class=\"wp-block-image\">\n<figure class=\"aligncenter size-full is-resized\"><a href=\"https:\/\/denis-zammit.com\/wp-content\/uploads\/2025\/05\/4.jpg\"><img loading=\"lazy\" decoding=\"async\" width=\"750\" height=\"1000\" src=\"https:\/\/denis-zammit.com\/wp-content\/uploads\/2025\/05\/4.jpg\" alt=\"Ancienne \u00c9glise Saint Laurent - Eygali\u00e8res\" class=\"wp-image-2404\" style=\"width:466px;height:auto\" srcset=\"https:\/\/denis-zammit.com\/wp-content\/uploads\/2025\/05\/4.jpg 750w, https:\/\/denis-zammit.com\/wp-content\/uploads\/2025\/05\/4-225x300.jpg 225w, https:\/\/denis-zammit.com\/wp-content\/uploads\/2025\/05\/4-9x12.jpg 9w\" sizes=\"auto, (max-width: 750px) 100vw, 750px\" \/><\/a><\/figure>\n<\/div>\n\n\n<p class=\"has-text-align-center\">Old Church of Saint Laurent - Eygali\u00e8res<\/p>\n\n\n<div class=\"wp-block-image\">\n<figure class=\"aligncenter size-full is-resized\"><a href=\"https:\/\/denis-zammit.com\/wp-content\/uploads\/2025\/05\/5.jpg\"><img loading=\"lazy\" decoding=\"async\" width=\"750\" height=\"1000\" src=\"https:\/\/denis-zammit.com\/wp-content\/uploads\/2025\/05\/5.jpg\" alt=\"Ancienne \u00c9glise Saint Laurent - Eygali\u00e8res\" class=\"wp-image-2405\" style=\"width:476px;height:auto\" srcset=\"https:\/\/denis-zammit.com\/wp-content\/uploads\/2025\/05\/5.jpg 750w, https:\/\/denis-zammit.com\/wp-content\/uploads\/2025\/05\/5-225x300.jpg 225w, https:\/\/denis-zammit.com\/wp-content\/uploads\/2025\/05\/5-9x12.jpg 9w\" sizes=\"auto, (max-width: 750px) 100vw, 750px\" \/><\/a><\/figure>\n<\/div>\n\n\n<p class=\"has-text-align-center\">Old Church of Saint Laurent - Eygali\u00e8res<\/p>\n\n\n<div class=\"wp-block-image\">\n<figure class=\"aligncenter size-full is-resized\"><a href=\"https:\/\/denis-zammit.com\/wp-content\/uploads\/2025\/05\/6.jpg\"><img loading=\"lazy\" decoding=\"async\" width=\"1049\" height=\"1000\" src=\"https:\/\/denis-zammit.com\/wp-content\/uploads\/2025\/05\/6.jpg\" alt=\"Ancienne \u00c9glise Saint Laurent - Eygali\u00e8res\" class=\"wp-image-2406\" style=\"width:482px;height:auto\" srcset=\"https:\/\/denis-zammit.com\/wp-content\/uploads\/2025\/05\/6.jpg 1049w, https:\/\/denis-zammit.com\/wp-content\/uploads\/2025\/05\/6-300x286.jpg 300w, https:\/\/denis-zammit.com\/wp-content\/uploads\/2025\/05\/6-768x732.jpg 768w, https:\/\/denis-zammit.com\/wp-content\/uploads\/2025\/05\/6-13x12.jpg 13w\" sizes=\"auto, (max-width: 1049px) 100vw, 1049px\" \/><\/a><\/figure>\n<\/div>\n\n\n<p class=\"has-text-align-center\">Old Church of Saint Laurent - Eygali\u00e8res<\/p>\n\n\n\n<div class=\"wp-block-buttons is-content-justification-center is-layout-flex wp-container-core-buttons-is-layout-16018d1d wp-block-buttons-is-layout-flex\">\n<div class=\"wp-block-button is-style-outline is-style-outline--1\"><a class=\"wp-block-button__link has-small-font-size has-text-align-center has-custom-font-size wp-element-button\" href=\"https:\/\/denis-zammit.com\/en\/expositions-2025\/\">Back<\/a><\/div>\n<\/div>","protected":false},"excerpt":{"rendered":"<p>Ancienne \u00c9glise Saint Laurent &#8211; Eygali\u00e8res Ancienne \u00c9glise Saint Laurent &#8211; Eygali\u00e8res Ancienne \u00c9glise Saint Laurent &#8211; Eygali\u00e8res Ancienne \u00c9glise Saint Laurent &#8211; Eygali\u00e8res Ancienne \u00c9glise Saint Laurent &#8211; Eygali\u00e8res Ancienne \u00c9glise Saint Laurent &#8211; Eygali\u00e8res Ancienne \u00c9glise Saint Laurent &#8211; Eygali\u00e8res Ancienne \u00c9glise Saint Laurent &#8211; Eygali\u00e8res<\/p>","protected":false},"author":2,"featured_media":0,"parent":0,"menu_order":0,"comment_status":"closed","ping_status":"closed","template":"","meta":{"footnotes":""},"class_list":["post-2332","page","type-page","status-publish","hentry"],"_links":{"self":[{"href":"https:\/\/denis-zammit.com\/en\/wp-json\/wp\/v2\/pages\/2332","targetHints":{"allow":["GET"]}}],"collection":[{"href":"https:\/\/denis-zammit.com\/en\/wp-json\/wp\/v2\/pages"}],"about":[{"href":"https:\/\/denis-zammit.com\/en\/wp-json\/wp\/v2\/types\/page"}],"author":[{"embeddable":true,"href":"https:\/\/denis-zammit.com\/en\/wp-json\/wp\/v2\/users\/2"}],"replies":[{"embeddable":true,"href":"https:\/\/denis-zammit.com\/en\/wp-json\/wp\/v2\/comments?post=2332"}],"version-history":[{"count":6,"href":"https:\/\/denis-zammit.com\/en\/wp-json\/wp\/v2\/pages\/2332\/revisions"}],"predecessor-version":[{"id":2411,"href":"https:\/\/denis-zammit.com\/en\/wp-json\/wp\/v2\/pages\/2332\/revisions\/2411"}],"wp:attachment":[{"href":"https:\/\/denis-zammit.com\/en\/wp-json\/wp\/v2\/media?parent=2332"}],"curies":[{"name":"wp","href":"https:\/\/api.w.org\/{rel}","templated":true}]}}