{"id":2116,"date":"2024-06-09T16:04:50","date_gmt":"2024-06-09T14:04:50","guid":{"rendered":"https:\/\/denis-zammit.com\/?page_id=2116"},"modified":"2024-09-02T11:55:23","modified_gmt":"2024-09-02T09:55:23","slug":"chapelle-ste-thecle","status":"publish","type":"page","link":"https:\/\/denis-zammit.com\/en\/chapelle-ste-thecle\/","title":{"rendered":"St Th\u00e8cle Chapel"},"content":{"rendered":"<div class=\"wp-block-image\">\n<figure class=\"aligncenter size-large is-resized\"><a href=\"https:\/\/denis-zammit.com\/wp-content\/uploads\/2024\/09\/IMG_20240902_112407-scaled.jpg\"><img loading=\"lazy\" decoding=\"async\" width=\"810\" height=\"1080\" src=\"https:\/\/denis-zammit.com\/wp-content\/uploads\/2024\/09\/IMG_20240902_112407-810x1080.jpg\" alt=\"Chapelle Ste Th\u00e8cle \" class=\"wp-image-2218\" style=\"width:476px;height:auto\" srcset=\"https:\/\/denis-zammit.com\/wp-content\/uploads\/2024\/09\/IMG_20240902_112407-810x1080.jpg 810w, https:\/\/denis-zammit.com\/wp-content\/uploads\/2024\/09\/IMG_20240902_112407-225x300.jpg 225w, https:\/\/denis-zammit.com\/wp-content\/uploads\/2024\/09\/IMG_20240902_112407-768x1024.jpg 768w, https:\/\/denis-zammit.com\/wp-content\/uploads\/2024\/09\/IMG_20240902_112407-1152x1536.jpg 1152w, https:\/\/denis-zammit.com\/wp-content\/uploads\/2024\/09\/IMG_20240902_112407-1536x2048.jpg 1536w, https:\/\/denis-zammit.com\/wp-content\/uploads\/2024\/09\/IMG_20240902_112407-9x12.jpg 9w, https:\/\/denis-zammit.com\/wp-content\/uploads\/2024\/09\/IMG_20240902_112407-800x1067.jpg 800w, https:\/\/denis-zammit.com\/wp-content\/uploads\/2024\/09\/IMG_20240902_112407-scaled.jpg 1920w\" sizes=\"auto, (max-width: 810px) 100vw, 810px\" \/><\/a><\/figure>\n<\/div>\n\n\n<p class=\"has-text-align-center\">St Th\u00e8cle Chapel <\/p>\n\n\n<div class=\"wp-block-image\">\n<figure class=\"aligncenter size-large is-resized\"><a href=\"https:\/\/denis-zammit.com\/wp-content\/uploads\/2024\/06\/Affiche-rvb.jpg\"><img loading=\"lazy\" decoding=\"async\" width=\"764\" height=\"1080\" src=\"https:\/\/denis-zammit.com\/wp-content\/uploads\/2024\/06\/Affiche-rvb-764x1080.jpg\" alt=\"Chapelle Ste Th\u00e8cle - Seguret\" class=\"wp-image-2117\" style=\"width:474px;height:auto\" srcset=\"https:\/\/denis-zammit.com\/wp-content\/uploads\/2024\/06\/Affiche-rvb-764x1080.jpg 764w, https:\/\/denis-zammit.com\/wp-content\/uploads\/2024\/06\/Affiche-rvb-212x300.jpg 212w, https:\/\/denis-zammit.com\/wp-content\/uploads\/2024\/06\/Affiche-rvb-768x1086.jpg 768w, https:\/\/denis-zammit.com\/wp-content\/uploads\/2024\/06\/Affiche-rvb-1086x1536.jpg 1086w, https:\/\/denis-zammit.com\/wp-content\/uploads\/2024\/06\/Affiche-rvb-1448x2048.jpg 1448w, https:\/\/denis-zammit.com\/wp-content\/uploads\/2024\/06\/Affiche-rvb-8x12.jpg 8w, https:\/\/denis-zammit.com\/wp-content\/uploads\/2024\/06\/Affiche-rvb.jpg 1754w\" sizes=\"auto, (max-width: 764px) 100vw, 764px\" \/><\/a><\/figure>\n<\/div>\n\n\n<p class=\"has-text-align-center\">St Th\u00e8cle Chapel<\/p>\n\n\n<div class=\"wp-block-image\">\n<figure class=\"aligncenter size-large is-resized\"><a href=\"https:\/\/denis-zammit.com\/wp-content\/uploads\/2024\/09\/IMG_20240901_183345_1-scaled.jpg\"><img loading=\"lazy\" decoding=\"async\" width=\"1440\" height=\"1080\" src=\"https:\/\/denis-zammit.com\/wp-content\/uploads\/2024\/09\/IMG_20240901_183345_1-1440x1080.jpg\" alt=\"Chapelle Ste Th\u00e8cle - Seguret\" class=\"wp-image-2203\" style=\"width:484px;height:auto\" srcset=\"https:\/\/denis-zammit.com\/wp-content\/uploads\/2024\/09\/IMG_20240901_183345_1-1440x1080.jpg 1440w, https:\/\/denis-zammit.com\/wp-content\/uploads\/2024\/09\/IMG_20240901_183345_1-300x225.jpg 300w, https:\/\/denis-zammit.com\/wp-content\/uploads\/2024\/09\/IMG_20240901_183345_1-768x576.jpg 768w, https:\/\/denis-zammit.com\/wp-content\/uploads\/2024\/09\/IMG_20240901_183345_1-1536x1152.jpg 1536w, https:\/\/denis-zammit.com\/wp-content\/uploads\/2024\/09\/IMG_20240901_183345_1-2048x1536.jpg 2048w, https:\/\/denis-zammit.com\/wp-content\/uploads\/2024\/09\/IMG_20240901_183345_1-16x12.jpg 16w, https:\/\/denis-zammit.com\/wp-content\/uploads\/2024\/09\/IMG_20240901_183345_1-800x600.jpg 800w\" sizes=\"auto, (max-width: 1440px) 100vw, 1440px\" \/><\/a><\/figure>\n<\/div>\n\n\n<p class=\"has-text-align-center\">St Th\u00e8cle Chapel<\/p>\n\n\n<div class=\"wp-block-image\">\n<figure class=\"aligncenter size-large is-resized\"><a href=\"https:\/\/denis-zammit.com\/wp-content\/uploads\/2024\/09\/IMG_20240831_101307_1-scaled.jpg\"><img loading=\"lazy\" decoding=\"async\" width=\"498\" height=\"1080\" src=\"https:\/\/denis-zammit.com\/wp-content\/uploads\/2024\/09\/IMG_20240831_101307_1-498x1080.jpg\" alt=\"Chapelle Ste Th\u00e8cle - Seguret\" class=\"wp-image-2204\" style=\"width:484px;height:auto\" srcset=\"https:\/\/denis-zammit.com\/wp-content\/uploads\/2024\/09\/IMG_20240831_101307_1-498x1080.jpg 498w, https:\/\/denis-zammit.com\/wp-content\/uploads\/2024\/09\/IMG_20240831_101307_1-138x300.jpg 138w, https:\/\/denis-zammit.com\/wp-content\/uploads\/2024\/09\/IMG_20240831_101307_1-768x1665.jpg 768w, https:\/\/denis-zammit.com\/wp-content\/uploads\/2024\/09\/IMG_20240831_101307_1-708x1536.jpg 708w, https:\/\/denis-zammit.com\/wp-content\/uploads\/2024\/09\/IMG_20240831_101307_1-945x2048.jpg 945w, https:\/\/denis-zammit.com\/wp-content\/uploads\/2024\/09\/IMG_20240831_101307_1-6x12.jpg 6w, https:\/\/denis-zammit.com\/wp-content\/uploads\/2024\/09\/IMG_20240831_101307_1-scaled.jpg 1181w\" sizes=\"auto, (max-width: 498px) 100vw, 498px\" \/><\/a><\/figure>\n<\/div>\n\n\n<p class=\"has-text-align-center\">St Th\u00e8cle Chapel<\/p>\n\n\n<div class=\"wp-block-image\">\n<figure class=\"aligncenter size-large is-resized\"><a href=\"https:\/\/denis-zammit.com\/wp-content\/uploads\/2024\/09\/IMG_20240831_101211_1-scaled.jpg\"><img loading=\"lazy\" decoding=\"async\" width=\"1960\" height=\"904\" src=\"https:\/\/denis-zammit.com\/wp-content\/uploads\/2024\/09\/IMG_20240831_101211_1-1960x904.jpg\" alt=\"Chapelle Ste Th\u00e8cle - Seguret\" class=\"wp-image-2206\" style=\"width:485px;height:auto\" srcset=\"https:\/\/denis-zammit.com\/wp-content\/uploads\/2024\/09\/IMG_20240831_101211_1-1960x904.jpg 1960w, https:\/\/denis-zammit.com\/wp-content\/uploads\/2024\/09\/IMG_20240831_101211_1-300x138.jpg 300w, https:\/\/denis-zammit.com\/wp-content\/uploads\/2024\/09\/IMG_20240831_101211_1-768x354.jpg 768w, https:\/\/denis-zammit.com\/wp-content\/uploads\/2024\/09\/IMG_20240831_101211_1-1536x708.jpg 1536w, https:\/\/denis-zammit.com\/wp-content\/uploads\/2024\/09\/IMG_20240831_101211_1-2048x945.jpg 2048w, https:\/\/denis-zammit.com\/wp-content\/uploads\/2024\/09\/IMG_20240831_101211_1-18x8.jpg 18w\" sizes=\"auto, (max-width: 1960px) 100vw, 1960px\" \/><\/a><\/figure>\n<\/div>\n\n\n<p class=\"has-text-align-center\">St Th\u00e8cle Chapel<\/p>\n\n\n<div class=\"wp-block-image\">\n<figure class=\"aligncenter size-large is-resized\"><a href=\"https:\/\/denis-zammit.com\/wp-content\/uploads\/2024\/09\/IMG_20240901_183111_13.jpg\"><img loading=\"lazy\" decoding=\"async\" width=\"712\" height=\"1080\" src=\"https:\/\/denis-zammit.com\/wp-content\/uploads\/2024\/09\/IMG_20240901_183111_13-712x1080.jpg\" alt=\"Chapelle Ste Th\u00e8cle - Seguret\" class=\"wp-image-2207\" style=\"width:484px;height:auto\" srcset=\"https:\/\/denis-zammit.com\/wp-content\/uploads\/2024\/09\/IMG_20240901_183111_13-712x1080.jpg 712w, https:\/\/denis-zammit.com\/wp-content\/uploads\/2024\/09\/IMG_20240901_183111_13-198x300.jpg 198w, https:\/\/denis-zammit.com\/wp-content\/uploads\/2024\/09\/IMG_20240901_183111_13-768x1164.jpg 768w, https:\/\/denis-zammit.com\/wp-content\/uploads\/2024\/09\/IMG_20240901_183111_13-1013x1536.jpg 1013w, https:\/\/denis-zammit.com\/wp-content\/uploads\/2024\/09\/IMG_20240901_183111_13-1351x2048.jpg 1351w, https:\/\/denis-zammit.com\/wp-content\/uploads\/2024\/09\/IMG_20240901_183111_13-8x12.jpg 8w, https:\/\/denis-zammit.com\/wp-content\/uploads\/2024\/09\/IMG_20240901_183111_13.jpg 1569w\" sizes=\"auto, (max-width: 712px) 100vw, 712px\" \/><\/a><\/figure>\n<\/div>\n\n\n<p class=\"has-text-align-center\">St Th\u00e8cle Chapel<\/p>\n\n\n\n<div class=\"wp-block-buttons is-content-justification-center is-layout-flex wp-container-core-buttons-is-layout-16018d1d wp-block-buttons-is-layout-flex\">\n<div class=\"wp-block-button has-custom-font-size is-style-outline has-small-font-size is-style-outline--1\"><a class=\"wp-block-button__link has-black-color has-text-color has-link-color wp-element-button\" href=\"https:\/\/denis-zammit.com\/en\/expositions-2024\/\">Back<\/a><\/div>\n<\/div>\n\n\n\n<p><\/p>","protected":false},"excerpt":{"rendered":"<p>Chapelle Ste Th\u00e8cle &#8211; Seguret Chapelle Ste Th\u00e8cle &#8211; Seguret Chapelle Ste Th\u00e8cle &#8211; Seguret Chapelle Ste Th\u00e8cle &#8211; Seguret Chapelle Ste Th\u00e8cle &#8211; Seguret Chapelle Ste Th\u00e8cle &#8211; Seguret<\/p>","protected":false},"author":2,"featured_media":0,"parent":0,"menu_order":0,"comment_status":"closed","ping_status":"closed","template":"","meta":{"footnotes":""},"class_list":["post-2116","page","type-page","status-publish","hentry"],"_links":{"self":[{"href":"https:\/\/denis-zammit.com\/en\/wp-json\/wp\/v2\/pages\/2116","targetHints":{"allow":["GET"]}}],"collection":[{"href":"https:\/\/denis-zammit.com\/en\/wp-json\/wp\/v2\/pages"}],"about":[{"href":"https:\/\/denis-zammit.com\/en\/wp-json\/wp\/v2\/types\/page"}],"author":[{"embeddable":true,"href":"https:\/\/denis-zammit.com\/en\/wp-json\/wp\/v2\/users\/2"}],"replies":[{"embeddable":true,"href":"https:\/\/denis-zammit.com\/en\/wp-json\/wp\/v2\/comments?post=2116"}],"version-history":[{"count":10,"href":"https:\/\/denis-zammit.com\/en\/wp-json\/wp\/v2\/pages\/2116\/revisions"}],"predecessor-version":[{"id":2220,"href":"https:\/\/denis-zammit.com\/en\/wp-json\/wp\/v2\/pages\/2116\/revisions\/2220"}],"wp:attachment":[{"href":"https:\/\/denis-zammit.com\/en\/wp-json\/wp\/v2\/media?parent=2116"}],"curies":[{"name":"wp","href":"https:\/\/api.w.org\/{rel}","templated":true}]}}