{"id":2025,"date":"2024-06-08T11:16:43","date_gmt":"2024-06-08T09:16:43","guid":{"rendered":"https:\/\/denis-zammit.com\/?page_id=2025"},"modified":"2025-04-07T11:11:32","modified_gmt":"2025-04-07T09:11:32","slug":"2024-peintures","status":"publish","type":"page","link":"https:\/\/denis-zammit.com\/en\/2024-peintures\/","title":{"rendered":"2024 - PAINTINGS"},"content":{"rendered":"<p><\/p>\n\n\n<div class=\"wp-block-image\">\n<figure class=\"aligncenter size-large is-resized\"><a href=\"https:\/\/denis-zammit.com\/wp-content\/uploads\/2024\/08\/20114-40x60-Technique-mixte-sur-toile-scaled.jpg\"><img loading=\"lazy\" decoding=\"async\" width=\"720\" height=\"1080\" src=\"https:\/\/denis-zammit.com\/wp-content\/uploads\/2024\/08\/20114-40x60-Technique-mixte-sur-toile-720x1080.jpg\" alt=\"#20114 40x60 Technique mixte sur toile\" class=\"wp-image-2190\" style=\"width:558px;height:auto\" srcset=\"https:\/\/denis-zammit.com\/wp-content\/uploads\/2024\/08\/20114-40x60-Technique-mixte-sur-toile-720x1080.jpg 720w, https:\/\/denis-zammit.com\/wp-content\/uploads\/2024\/08\/20114-40x60-Technique-mixte-sur-toile-200x300.jpg 200w, https:\/\/denis-zammit.com\/wp-content\/uploads\/2024\/08\/20114-40x60-Technique-mixte-sur-toile-768x1152.jpg 768w, https:\/\/denis-zammit.com\/wp-content\/uploads\/2024\/08\/20114-40x60-Technique-mixte-sur-toile-1024x1536.jpg 1024w, https:\/\/denis-zammit.com\/wp-content\/uploads\/2024\/08\/20114-40x60-Technique-mixte-sur-toile-1365x2048.jpg 1365w, https:\/\/denis-zammit.com\/wp-content\/uploads\/2024\/08\/20114-40x60-Technique-mixte-sur-toile-8x12.jpg 8w, https:\/\/denis-zammit.com\/wp-content\/uploads\/2024\/08\/20114-40x60-Technique-mixte-sur-toile-scaled.jpg 1707w\" sizes=\"auto, (max-width: 720px) 100vw, 720px\" \/><\/a><\/figure>\n<\/div>\n\n\n<p class=\"has-text-align-center\">#20114 Mixe media on canvas 16\"x24\"<\/p>\n\n\n<div class=\"wp-block-image\">\n<figure class=\"aligncenter size-large is-resized\"><a href=\"https:\/\/denis-zammit.com\/en\/?attachment_id=2026\"><img loading=\"lazy\" decoding=\"async\" width=\"1080\" height=\"1080\" src=\"https:\/\/denis-zammit.com\/wp-content\/uploads\/2024\/06\/19899-40x40-Technique-mixte-sur-toile-1080x1080.jpg\" alt=\"#19899 40x40 Technique mixte sur toile\" class=\"wp-image-2026\" style=\"width:560px;height:auto\" srcset=\"https:\/\/denis-zammit.com\/wp-content\/uploads\/2024\/06\/19899-40x40-Technique-mixte-sur-toile-1080x1080.jpg 1080w, https:\/\/denis-zammit.com\/wp-content\/uploads\/2024\/06\/19899-40x40-Technique-mixte-sur-toile-300x300.jpg 300w, https:\/\/denis-zammit.com\/wp-content\/uploads\/2024\/06\/19899-40x40-Technique-mixte-sur-toile-150x150.jpg 150w, https:\/\/denis-zammit.com\/wp-content\/uploads\/2024\/06\/19899-40x40-Technique-mixte-sur-toile-768x768.jpg 768w, https:\/\/denis-zammit.com\/wp-content\/uploads\/2024\/06\/19899-40x40-Technique-mixte-sur-toile-1536x1536.jpg 1536w, https:\/\/denis-zammit.com\/wp-content\/uploads\/2024\/06\/19899-40x40-Technique-mixte-sur-toile-2048x2048.jpg 2048w, https:\/\/denis-zammit.com\/wp-content\/uploads\/2024\/06\/19899-40x40-Technique-mixte-sur-toile-12x12.jpg 12w, https:\/\/denis-zammit.com\/wp-content\/uploads\/2024\/06\/19899-40x40-Technique-mixte-sur-toile-800x800.jpg 800w\" sizes=\"auto, (max-width: 1080px) 100vw, 1080px\" \/><\/a><\/figure>\n<\/div>\n\n\n<p class=\"has-text-align-center\">#19899  Mixed media on canvas 16\"x16\"<\/p>\n\n\n<div class=\"wp-block-image\">\n<figure class=\"aligncenter size-large is-resized\"><a href=\"https:\/\/denis-zammit.com\/wp-content\/uploads\/2024\/08\/20081-97x130-Technique-mixte-sur-toile-1-scaled.jpg\"><img loading=\"lazy\" decoding=\"async\" width=\"806\" height=\"1080\" src=\"https:\/\/denis-zammit.com\/wp-content\/uploads\/2024\/08\/20081-97x130-Technique-mixte-sur-toile-1-806x1080.jpg\" alt=\"#20081 97x130 Technique mixte sur toile\" class=\"wp-image-2124\" style=\"width:572px;height:auto\" srcset=\"https:\/\/denis-zammit.com\/wp-content\/uploads\/2024\/08\/20081-97x130-Technique-mixte-sur-toile-1-806x1080.jpg 806w, https:\/\/denis-zammit.com\/wp-content\/uploads\/2024\/08\/20081-97x130-Technique-mixte-sur-toile-1-224x300.jpg 224w, https:\/\/denis-zammit.com\/wp-content\/uploads\/2024\/08\/20081-97x130-Technique-mixte-sur-toile-1-768x1029.jpg 768w, https:\/\/denis-zammit.com\/wp-content\/uploads\/2024\/08\/20081-97x130-Technique-mixte-sur-toile-1-1146x1536.jpg 1146w, https:\/\/denis-zammit.com\/wp-content\/uploads\/2024\/08\/20081-97x130-Technique-mixte-sur-toile-1-1528x2048.jpg 1528w, https:\/\/denis-zammit.com\/wp-content\/uploads\/2024\/08\/20081-97x130-Technique-mixte-sur-toile-1-9x12.jpg 9w, https:\/\/denis-zammit.com\/wp-content\/uploads\/2024\/08\/20081-97x130-Technique-mixte-sur-toile-1-scaled.jpg 1910w\" sizes=\"auto, (max-width: 806px) 100vw, 806px\" \/><\/a><\/figure>\n<\/div>\n\n\n<p class=\"has-text-align-center\">#20081 97&#215;130 Technique mixte sur toile<\/p>\n\n\n<div class=\"wp-block-image\">\n<figure class=\"aligncenter size-large is-resized\"><a href=\"https:\/\/denis-zammit.com\/en\/?attachment_id=2027\"><img loading=\"lazy\" decoding=\"async\" width=\"740\" height=\"1080\" src=\"https:\/\/denis-zammit.com\/wp-content\/uploads\/2024\/06\/19996-40x60-Technique-mixte-sur-toile-740x1080.jpg\" alt=\"#19996 40x60 Technique mixte sur toile\" class=\"wp-image-2027\" style=\"width:561px;height:auto\" srcset=\"https:\/\/denis-zammit.com\/wp-content\/uploads\/2024\/06\/19996-40x60-Technique-mixte-sur-toile-740x1080.jpg 740w, https:\/\/denis-zammit.com\/wp-content\/uploads\/2024\/06\/19996-40x60-Technique-mixte-sur-toile-206x300.jpg 206w, https:\/\/denis-zammit.com\/wp-content\/uploads\/2024\/06\/19996-40x60-Technique-mixte-sur-toile-768x1120.jpg 768w, https:\/\/denis-zammit.com\/wp-content\/uploads\/2024\/06\/19996-40x60-Technique-mixte-sur-toile-1053x1536.jpg 1053w, https:\/\/denis-zammit.com\/wp-content\/uploads\/2024\/06\/19996-40x60-Technique-mixte-sur-toile-1404x2048.jpg 1404w, https:\/\/denis-zammit.com\/wp-content\/uploads\/2024\/06\/19996-40x60-Technique-mixte-sur-toile-8x12.jpg 8w, https:\/\/denis-zammit.com\/wp-content\/uploads\/2024\/06\/19996-40x60-Technique-mixte-sur-toile-scaled.jpg 1755w\" sizes=\"auto, (max-width: 740px) 100vw, 740px\" \/><\/a><\/figure>\n<\/div>\n\n\n<p class=\"has-text-align-center\">#19996  Mixed media on canvas 16''x24\"<\/p>\n\n\n<div class=\"wp-block-image\">\n<figure class=\"aligncenter size-large is-resized\"><a href=\"https:\/\/denis-zammit.com\/en\/?attachment_id=2029\"><img loading=\"lazy\" decoding=\"async\" width=\"1091\" height=\"1080\" src=\"https:\/\/denis-zammit.com\/wp-content\/uploads\/2024\/06\/19997.1-20x20-Technique-mixte-sur-carton-toile-1-1091x1080.jpg\" alt=\"#19997.1 20x20 Technique mixte sur carton toil\u00e9\" class=\"wp-image-2029\" style=\"width:564px;height:auto\" srcset=\"https:\/\/denis-zammit.com\/wp-content\/uploads\/2024\/06\/19997.1-20x20-Technique-mixte-sur-carton-toile-1-1091x1080.jpg 1091w, https:\/\/denis-zammit.com\/wp-content\/uploads\/2024\/06\/19997.1-20x20-Technique-mixte-sur-carton-toile-1-300x297.jpg 300w, https:\/\/denis-zammit.com\/wp-content\/uploads\/2024\/06\/19997.1-20x20-Technique-mixte-sur-carton-toile-1-768x761.jpg 768w, https:\/\/denis-zammit.com\/wp-content\/uploads\/2024\/06\/19997.1-20x20-Technique-mixte-sur-carton-toile-1-1536x1521.jpg 1536w, https:\/\/denis-zammit.com\/wp-content\/uploads\/2024\/06\/19997.1-20x20-Technique-mixte-sur-carton-toile-1-2048x2028.jpg 2048w, https:\/\/denis-zammit.com\/wp-content\/uploads\/2024\/06\/19997.1-20x20-Technique-mixte-sur-carton-toile-1-12x12.jpg 12w\" sizes=\"auto, (max-width: 1091px) 100vw, 1091px\" \/><\/a><\/figure>\n<\/div>\n\n\n<p class=\"has-text-align-center\">#19997.2 Mixed media on canvas cardboard 8\"x8\"<\/p>\n\n\n<div class=\"wp-block-image\">\n<figure class=\"aligncenter size-large is-resized\"><a href=\"https:\/\/denis-zammit.com\/en\/?attachment_id=2033\"><img loading=\"lazy\" decoding=\"async\" width=\"1096\" height=\"1080\" src=\"https:\/\/denis-zammit.com\/wp-content\/uploads\/2024\/06\/20023.1-20x20-Technique-mixte-sur-carton-toile-1096x1080.jpg\" alt=\"#20023.1 20x20 Technique mixte sur carton toil\u00e9\" class=\"wp-image-2033\" style=\"width:566px;height:auto\" srcset=\"https:\/\/denis-zammit.com\/wp-content\/uploads\/2024\/06\/20023.1-20x20-Technique-mixte-sur-carton-toile-1096x1080.jpg 1096w, https:\/\/denis-zammit.com\/wp-content\/uploads\/2024\/06\/20023.1-20x20-Technique-mixte-sur-carton-toile-300x296.jpg 300w, https:\/\/denis-zammit.com\/wp-content\/uploads\/2024\/06\/20023.1-20x20-Technique-mixte-sur-carton-toile-768x757.jpg 768w, https:\/\/denis-zammit.com\/wp-content\/uploads\/2024\/06\/20023.1-20x20-Technique-mixte-sur-carton-toile-1536x1514.jpg 1536w, https:\/\/denis-zammit.com\/wp-content\/uploads\/2024\/06\/20023.1-20x20-Technique-mixte-sur-carton-toile-2048x2019.jpg 2048w, https:\/\/denis-zammit.com\/wp-content\/uploads\/2024\/06\/20023.1-20x20-Technique-mixte-sur-carton-toile-12x12.jpg 12w\" sizes=\"auto, (max-width: 1096px) 100vw, 1096px\" \/><\/a><\/figure>\n<\/div>\n\n\n<p class=\"has-text-align-center\">#20023.1  Mixed media on canvas cardboard 8\"x8\"<\/p>\n\n\n<div class=\"wp-block-image\">\n<figure class=\"aligncenter size-large is-resized\"><a href=\"https:\/\/denis-zammit.com\/en\/?attachment_id=2034\"><img loading=\"lazy\" decoding=\"async\" width=\"1076\" height=\"1080\" src=\"https:\/\/denis-zammit.com\/wp-content\/uploads\/2024\/06\/20023.4-20x20-Technique-mixte-sur-carton-toile-1076x1080.jpg\" alt=\"#20023.4 20x20 Technique mixte sur carton toil\u00e9\" class=\"wp-image-2034\" style=\"width:569px;height:auto\" srcset=\"https:\/\/denis-zammit.com\/wp-content\/uploads\/2024\/06\/20023.4-20x20-Technique-mixte-sur-carton-toile-1076x1080.jpg 1076w, https:\/\/denis-zammit.com\/wp-content\/uploads\/2024\/06\/20023.4-20x20-Technique-mixte-sur-carton-toile-300x300.jpg 300w, https:\/\/denis-zammit.com\/wp-content\/uploads\/2024\/06\/20023.4-20x20-Technique-mixte-sur-carton-toile-150x150.jpg 150w, https:\/\/denis-zammit.com\/wp-content\/uploads\/2024\/06\/20023.4-20x20-Technique-mixte-sur-carton-toile-768x771.jpg 768w, https:\/\/denis-zammit.com\/wp-content\/uploads\/2024\/06\/20023.4-20x20-Technique-mixte-sur-carton-toile-1531x1536.jpg 1531w, https:\/\/denis-zammit.com\/wp-content\/uploads\/2024\/06\/20023.4-20x20-Technique-mixte-sur-carton-toile-2041x2048.jpg 2041w, https:\/\/denis-zammit.com\/wp-content\/uploads\/2024\/06\/20023.4-20x20-Technique-mixte-sur-carton-toile-12x12.jpg 12w\" sizes=\"auto, (max-width: 1076px) 100vw, 1076px\" \/><\/a><\/figure>\n<\/div>\n\n\n<p class=\"has-text-align-center\">#20023.4 Mixed media on canvas cardboard 8\"x8\"<\/p>\n\n\n<div class=\"wp-block-image\">\n<figure class=\"aligncenter size-large is-resized\"><a href=\"https:\/\/denis-zammit.com\/en\/?attachment_id=2035\"><img loading=\"lazy\" decoding=\"async\" width=\"1080\" height=\"1080\" src=\"https:\/\/denis-zammit.com\/wp-content\/uploads\/2024\/06\/19971.2-20x20-Technique-mixte-sur-toile-1080x1080.jpg\" alt=\"#19971.2 20x20 Technique mixte sur toile\" class=\"wp-image-2035\" style=\"width:572px;height:auto\" srcset=\"https:\/\/denis-zammit.com\/wp-content\/uploads\/2024\/06\/19971.2-20x20-Technique-mixte-sur-toile-1080x1080.jpg 1080w, https:\/\/denis-zammit.com\/wp-content\/uploads\/2024\/06\/19971.2-20x20-Technique-mixte-sur-toile-300x300.jpg 300w, https:\/\/denis-zammit.com\/wp-content\/uploads\/2024\/06\/19971.2-20x20-Technique-mixte-sur-toile-150x150.jpg 150w, https:\/\/denis-zammit.com\/wp-content\/uploads\/2024\/06\/19971.2-20x20-Technique-mixte-sur-toile-768x768.jpg 768w, https:\/\/denis-zammit.com\/wp-content\/uploads\/2024\/06\/19971.2-20x20-Technique-mixte-sur-toile-1536x1536.jpg 1536w, https:\/\/denis-zammit.com\/wp-content\/uploads\/2024\/06\/19971.2-20x20-Technique-mixte-sur-toile-2048x2048.jpg 2048w, https:\/\/denis-zammit.com\/wp-content\/uploads\/2024\/06\/19971.2-20x20-Technique-mixte-sur-toile-12x12.jpg 12w, https:\/\/denis-zammit.com\/wp-content\/uploads\/2024\/06\/19971.2-20x20-Technique-mixte-sur-toile-800x800.jpg 800w\" sizes=\"auto, (max-width: 1080px) 100vw, 1080px\" \/><\/a><\/figure>\n<\/div>\n\n\n<p class=\"has-text-align-center\">#19971.2  Mixed media on canvas 8\"x8\"<\/p>\n\n\n\n<div class=\"wp-block-buttons is-content-justification-center is-layout-flex wp-container-core-buttons-is-layout-16018d1d wp-block-buttons-is-layout-flex\">\n<div class=\"wp-block-button has-custom-font-size is-style-outline has-small-font-size is-style-outline--1\"><a class=\"wp-block-button__link has-black-color has-text-color has-link-color has-text-align-center wp-element-button\" href=\"https:\/\/denis-zammit.com\/en\/archives-peintures\/\">Back<\/a><\/div>\n<\/div>","protected":false},"excerpt":{"rendered":"<p>#20114 40&#215;60 Technique mixte sur toile #19899 40&#215;40 Technique mixte sur toile #20081 97&#215;130 Technique mixte sur toile #19996 40&#215;60 Technique mixte sur toile #19997.1 20&#215;20 Technique mixte sur carton toil\u00e9 #20023.1 20&#215;20 Technique mixte sur carton toil\u00e9 #20023.4 20&#215;20 Technique mixte sur carton toil\u00e9 #19971.2 20&#215;20 Technique mixte sur toile<\/p>","protected":false},"author":2,"featured_media":0,"parent":0,"menu_order":0,"comment_status":"closed","ping_status":"closed","template":"","meta":{"footnotes":""},"class_list":["post-2025","page","type-page","status-publish","hentry"],"_links":{"self":[{"href":"https:\/\/denis-zammit.com\/en\/wp-json\/wp\/v2\/pages\/2025","targetHints":{"allow":["GET"]}}],"collection":[{"href":"https:\/\/denis-zammit.com\/en\/wp-json\/wp\/v2\/pages"}],"about":[{"href":"https:\/\/denis-zammit.com\/en\/wp-json\/wp\/v2\/types\/page"}],"author":[{"embeddable":true,"href":"https:\/\/denis-zammit.com\/en\/wp-json\/wp\/v2\/users\/2"}],"replies":[{"embeddable":true,"href":"https:\/\/denis-zammit.com\/en\/wp-json\/wp\/v2\/comments?post=2025"}],"version-history":[{"count":13,"href":"https:\/\/denis-zammit.com\/en\/wp-json\/wp\/v2\/pages\/2025\/revisions"}],"predecessor-version":[{"id":2188,"href":"https:\/\/denis-zammit.com\/en\/wp-json\/wp\/v2\/pages\/2025\/revisions\/2188"}],"wp:attachment":[{"href":"https:\/\/denis-zammit.com\/en\/wp-json\/wp\/v2\/media?parent=2025"}],"curies":[{"name":"wp","href":"https:\/\/api.w.org\/{rel}","templated":true}]}}