{"id":1993,"date":"2024-02-20T15:40:02","date_gmt":"2024-02-20T14:40:02","guid":{"rendered":"https:\/\/denis-zammit.com\/?page_id=1993"},"modified":"2024-08-24T11:44:48","modified_gmt":"2024-08-24T09:44:48","slug":"salon-comparaisons-2024","status":"publish","type":"page","link":"https:\/\/denis-zammit.com\/en\/salon-comparaisons-2024\/","title":{"rendered":"Comparison's fair"},"content":{"rendered":"<h2 class=\"wp-block-heading\">Group<\/h2>\n\n\n\n<h1 class=\"wp-block-heading\">Signes and Traces<\/h1>\n\n\n\n<p>The Signes et Traces group was born at the Comparisons fair in 1998 around Riccardo Licata, inventor of a personal plastic alphabet, always renewed, available in multiple richly colored variations.<br>In 1943, Matisse wrote to Aragon: \u201cthe importance of an artist is measured by the quantity of new signs that he will have introduced into the plastic language\u201d.<br>The terms \u201cSigns and Traces\u201d are complementary, one generating the other and vice versa, in a permanent game whose sources are, for the painter: experience, perception, feeling. Traces of a past for a trace in the future \u2013 capture and projection.<br>The Signes et Traces group strives to create coherence by bringing together artists around these values, in the exploration of the infinite possibilities of creation, the uniqueness of each person and diversity.<\/p>\n\n\n\n<p><\/p>\n\n\n<div class=\"wp-block-image\">\n<figure class=\"aligncenter size-large is-resized\"><a href=\"https:\/\/denis-zammit.com\/wp-content\/uploads\/2024\/02\/Screenshot-2024-02-20-at-15-21-01-Signes-et-traces-Salon-Comparaisons2.png\"><img loading=\"lazy\" decoding=\"async\" width=\"650\" height=\"1080\" src=\"https:\/\/denis-zammit.com\/wp-content\/uploads\/2024\/02\/Screenshot-2024-02-20-at-15-21-01-Signes-et-traces-Salon-Comparaisons2-650x1080.png\" alt=\"\" class=\"wp-image-2011\" style=\"width:517px;height:auto\" srcset=\"https:\/\/denis-zammit.com\/wp-content\/uploads\/2024\/02\/Screenshot-2024-02-20-at-15-21-01-Signes-et-traces-Salon-Comparaisons2-650x1080.png 650w, https:\/\/denis-zammit.com\/wp-content\/uploads\/2024\/02\/Screenshot-2024-02-20-at-15-21-01-Signes-et-traces-Salon-Comparaisons2-181x300.png 181w, https:\/\/denis-zammit.com\/wp-content\/uploads\/2024\/02\/Screenshot-2024-02-20-at-15-21-01-Signes-et-traces-Salon-Comparaisons2-7x12.png 7w, https:\/\/denis-zammit.com\/wp-content\/uploads\/2024\/02\/Screenshot-2024-02-20-at-15-21-01-Signes-et-traces-Salon-Comparaisons2.png 767w\" sizes=\"auto, (max-width: 650px) 100vw, 650px\" \/><\/a><\/figure>\n<\/div>\n\n\n<p class=\"has-text-align-center\">Signes and Traces group - Jean-Jacques Lapoirie<\/p>\n\n\n\n<p><\/p>\n\n\n<div class=\"wp-block-image\">\n<figure class=\"aligncenter size-large is-resized\"><a href=\"https:\/\/denis-zammit.com\/wp-content\/uploads\/2024\/02\/19769-89x116-Technique-mixte-sur-toile.jpg\"><img loading=\"lazy\" decoding=\"async\" width=\"829\" height=\"1080\" src=\"https:\/\/denis-zammit.com\/wp-content\/uploads\/2024\/02\/19769-89x116-Technique-mixte-sur-toile-829x1080.jpg\" alt=\"#19769 89x116 Technique mixte sur toile\" class=\"wp-image-1994\" style=\"width:524px;height:auto\" srcset=\"https:\/\/denis-zammit.com\/wp-content\/uploads\/2024\/02\/19769-89x116-Technique-mixte-sur-toile-829x1080.jpg 829w, https:\/\/denis-zammit.com\/wp-content\/uploads\/2024\/02\/19769-89x116-Technique-mixte-sur-toile-230x300.jpg 230w, https:\/\/denis-zammit.com\/wp-content\/uploads\/2024\/02\/19769-89x116-Technique-mixte-sur-toile-768x1001.jpg 768w, https:\/\/denis-zammit.com\/wp-content\/uploads\/2024\/02\/19769-89x116-Technique-mixte-sur-toile-1179x1536.jpg 1179w, https:\/\/denis-zammit.com\/wp-content\/uploads\/2024\/02\/19769-89x116-Technique-mixte-sur-toile-1572x2048.jpg 1572w, https:\/\/denis-zammit.com\/wp-content\/uploads\/2024\/02\/19769-89x116-Technique-mixte-sur-toile-9x12.jpg 9w, https:\/\/denis-zammit.com\/wp-content\/uploads\/2024\/02\/19769-89x116-Technique-mixte-sur-toile.jpg 1903w\" sizes=\"auto, (max-width: 829px) 100vw, 829px\" \/><\/a><\/figure>\n<\/div>\n\n\n<p class=\"has-text-align-center has-medium-font-size\">#19769 Mixed media on canvas 35\"x46\"<\/p>\n\n\n<div class=\"wp-block-image\">\n<figure class=\"aligncenter size-large is-resized\"><a href=\"https:\/\/denis-zammit.com\/wp-content\/uploads\/2024\/02\/IMG_20240213_143958_1-2-scaled.jpg\"><img loading=\"lazy\" decoding=\"async\" width=\"1960\" height=\"904\" src=\"https:\/\/denis-zammit.com\/wp-content\/uploads\/2024\/02\/IMG_20240213_143958_1-2-1960x904.jpg\" alt=\"\" class=\"wp-image-1996\" style=\"width:535px;height:auto\" srcset=\"https:\/\/denis-zammit.com\/wp-content\/uploads\/2024\/02\/IMG_20240213_143958_1-2-1960x904.jpg 1960w, https:\/\/denis-zammit.com\/wp-content\/uploads\/2024\/02\/IMG_20240213_143958_1-2-300x138.jpg 300w, https:\/\/denis-zammit.com\/wp-content\/uploads\/2024\/02\/IMG_20240213_143958_1-2-768x354.jpg 768w, https:\/\/denis-zammit.com\/wp-content\/uploads\/2024\/02\/IMG_20240213_143958_1-2-1536x708.jpg 1536w, https:\/\/denis-zammit.com\/wp-content\/uploads\/2024\/02\/IMG_20240213_143958_1-2-2048x945.jpg 2048w, https:\/\/denis-zammit.com\/wp-content\/uploads\/2024\/02\/IMG_20240213_143958_1-2-18x8.jpg 18w\" sizes=\"auto, (max-width: 1960px) 100vw, 1960px\" \/><\/a><\/figure>\n<\/div>\n\n\n<p class=\"has-text-align-center\">Signes and Traces group - Jean-Jacques Lapoirie<\/p>\n\n\n<div class=\"wp-block-image\">\n<figure class=\"aligncenter size-large is-resized\"><a href=\"https:\/\/denis-zammit.com\/wp-content\/uploads\/2024\/02\/19795-16x22-Technique-mixte-sur-toile-scaled.jpg\"><img loading=\"lazy\" decoding=\"async\" width=\"785\" height=\"1080\" src=\"https:\/\/denis-zammit.com\/wp-content\/uploads\/2024\/02\/19795-16x22-Technique-mixte-sur-toile-785x1080.jpg\" alt=\"#19795 16x22 Technique mixte sur toile\" class=\"wp-image-1998\" style=\"width:531px;height:auto\" srcset=\"https:\/\/denis-zammit.com\/wp-content\/uploads\/2024\/02\/19795-16x22-Technique-mixte-sur-toile-785x1080.jpg 785w, https:\/\/denis-zammit.com\/wp-content\/uploads\/2024\/02\/19795-16x22-Technique-mixte-sur-toile-218x300.jpg 218w, https:\/\/denis-zammit.com\/wp-content\/uploads\/2024\/02\/19795-16x22-Technique-mixte-sur-toile-768x1056.jpg 768w, https:\/\/denis-zammit.com\/wp-content\/uploads\/2024\/02\/19795-16x22-Technique-mixte-sur-toile-1117x1536.jpg 1117w, https:\/\/denis-zammit.com\/wp-content\/uploads\/2024\/02\/19795-16x22-Technique-mixte-sur-toile-1489x2048.jpg 1489w, https:\/\/denis-zammit.com\/wp-content\/uploads\/2024\/02\/19795-16x22-Technique-mixte-sur-toile-9x12.jpg 9w, https:\/\/denis-zammit.com\/wp-content\/uploads\/2024\/02\/19795-16x22-Technique-mixte-sur-toile-scaled.jpg 1862w\" sizes=\"auto, (max-width: 785px) 100vw, 785px\" \/><\/a><\/figure>\n<\/div>\n\n\n<p class=\"has-text-align-center\">#19759 Mixed media on canvas 6\"x9\"<\/p>\n\n\n<div class=\"wp-block-image\">\n<figure class=\"aligncenter size-large is-resized\"><a href=\"https:\/\/denis-zammit.com\/wp-content\/uploads\/2024\/02\/19801-16x22-Technique-mixte-sur-toile-scaled.jpg\"><img loading=\"lazy\" decoding=\"async\" width=\"768\" height=\"1080\" src=\"https:\/\/denis-zammit.com\/wp-content\/uploads\/2024\/02\/19801-16x22-Technique-mixte-sur-toile-768x1080.jpg\" alt=\"#19801 16x22 Technique mixte sur toile\" class=\"wp-image-1999\" style=\"width:530px;height:auto\" srcset=\"https:\/\/denis-zammit.com\/wp-content\/uploads\/2024\/02\/19801-16x22-Technique-mixte-sur-toile-768x1081.jpg 768w, https:\/\/denis-zammit.com\/wp-content\/uploads\/2024\/02\/19801-16x22-Technique-mixte-sur-toile-213x300.jpg 213w, https:\/\/denis-zammit.com\/wp-content\/uploads\/2024\/02\/19801-16x22-Technique-mixte-sur-toile-1092x1536.jpg 1092w, https:\/\/denis-zammit.com\/wp-content\/uploads\/2024\/02\/19801-16x22-Technique-mixte-sur-toile-1455x2048.jpg 1455w, https:\/\/denis-zammit.com\/wp-content\/uploads\/2024\/02\/19801-16x22-Technique-mixte-sur-toile-9x12.jpg 9w, https:\/\/denis-zammit.com\/wp-content\/uploads\/2024\/02\/19801-16x22-Technique-mixte-sur-toile-scaled.jpg 1819w\" sizes=\"auto, (max-width: 768px) 100vw, 768px\" \/><\/a><\/figure>\n<\/div>\n\n\n<p class=\"has-text-align-center\">#19801 Mixed media on canvas 6\"x9\"<\/p>\n\n\n<div class=\"wp-block-image\">\n<figure class=\"aligncenter size-large\"><a href=\"https:\/\/denis-zammit.com\/wp-content\/uploads\/2024\/02\/IMG_20240212_160318_1-scaled.jpg\"><img loading=\"lazy\" decoding=\"async\" width=\"498\" height=\"1080\" src=\"https:\/\/denis-zammit.com\/wp-content\/uploads\/2024\/02\/IMG_20240212_160318_1-498x1080.jpg\" alt=\"Section petits formats Groupe Signes et Traces 2024\" class=\"wp-image-2000\" srcset=\"https:\/\/denis-zammit.com\/wp-content\/uploads\/2024\/02\/IMG_20240212_160318_1-498x1080.jpg 498w, https:\/\/denis-zammit.com\/wp-content\/uploads\/2024\/02\/IMG_20240212_160318_1-138x300.jpg 138w, https:\/\/denis-zammit.com\/wp-content\/uploads\/2024\/02\/IMG_20240212_160318_1-768x1665.jpg 768w, https:\/\/denis-zammit.com\/wp-content\/uploads\/2024\/02\/IMG_20240212_160318_1-708x1536.jpg 708w, https:\/\/denis-zammit.com\/wp-content\/uploads\/2024\/02\/IMG_20240212_160318_1-945x2048.jpg 945w, https:\/\/denis-zammit.com\/wp-content\/uploads\/2024\/02\/IMG_20240212_160318_1-6x12.jpg 6w, https:\/\/denis-zammit.com\/wp-content\/uploads\/2024\/02\/IMG_20240212_160318_1-scaled.jpg 1181w\" sizes=\"auto, (max-width: 498px) 100vw, 498px\" \/><\/a><\/figure>\n<\/div>\n\n\n<p class=\"has-text-align-center\">Small size Signes and Traces group 2024<\/p>\n\n\n\n<div class=\"wp-block-buttons is-layout-flex wp-block-buttons-is-layout-flex\"><\/div>\n\n\n\n<div class=\"wp-block-buttons is-content-justification-center is-layout-flex wp-container-core-buttons-is-layout-16018d1d wp-block-buttons-is-layout-flex\">\n<div class=\"wp-block-button has-custom-font-size is-style-outline has-small-font-size is-style-outline--1\"><a class=\"wp-block-button__link has-black-color has-text-color has-link-color wp-element-button\" href=\"https:\/\/denis-zammit.com\/en\/expositions-2024\/\">Back<\/a><\/div>\n<\/div>","protected":false},"excerpt":{"rendered":"<p>Groupe Signes et traces Le groupe Signes et Traces est n\u00e9 au salon Comparaisons de 1998 autour de Riccardo Licata inventeur d\u2019un alphabet plastique personnel, toujours renouvel\u00e9, se d\u00e9clinant en de multiples variations richement color\u00e9es.En 1943, Matisse \u00e9crivait \u00e0 Aragon : \u00ab l\u2019importance d\u2019un artiste se mesure \u00e0 la quantit\u00e9 de nouveaux signes qu\u2019il aura [&hellip;]<\/p>\n","protected":false},"author":2,"featured_media":0,"parent":0,"menu_order":0,"comment_status":"closed","ping_status":"closed","template":"","meta":{"footnotes":""},"class_list":["post-1993","page","type-page","status-publish","hentry"],"_links":{"self":[{"href":"https:\/\/denis-zammit.com\/en\/wp-json\/wp\/v2\/pages\/1993","targetHints":{"allow":["GET"]}}],"collection":[{"href":"https:\/\/denis-zammit.com\/en\/wp-json\/wp\/v2\/pages"}],"about":[{"href":"https:\/\/denis-zammit.com\/en\/wp-json\/wp\/v2\/types\/page"}],"author":[{"embeddable":true,"href":"https:\/\/denis-zammit.com\/en\/wp-json\/wp\/v2\/users\/2"}],"replies":[{"embeddable":true,"href":"https:\/\/denis-zammit.com\/en\/wp-json\/wp\/v2\/comments?post=1993"}],"version-history":[{"count":7,"href":"https:\/\/denis-zammit.com\/en\/wp-json\/wp\/v2\/pages\/1993\/revisions"}],"predecessor-version":[{"id":2186,"href":"https:\/\/denis-zammit.com\/en\/wp-json\/wp\/v2\/pages\/1993\/revisions\/2186"}],"wp:attachment":[{"href":"https:\/\/denis-zammit.com\/en\/wp-json\/wp\/v2\/media?parent=1993"}],"curies":[{"name":"wp","href":"https:\/\/api.w.org\/{rel}","templated":true}]}}