{"id":1947,"date":"2023-08-18T13:42:48","date_gmt":"2023-08-18T11:42:48","guid":{"rendered":"https:\/\/denis-zammit.com\/?page_id=1947"},"modified":"2024-08-24T11:43:29","modified_gmt":"2024-08-24T09:43:29","slug":"la-station-galerie","status":"publish","type":"page","link":"https:\/\/denis-zammit.com\/en\/la-station-galerie\/","title":{"rendered":"Station Gallery"},"content":{"rendered":"<p><\/p>\n\n\n<div class=\"wp-block-image\">\n<figure class=\"aligncenter size-large\"><a href=\"https:\/\/denis-zammit.com\/wp-content\/uploads\/2023\/08\/La-Station-Galerie-du-10-au-24-Aout-Vaison-la-Romaine.2-1-scaled.jpg\"><img loading=\"lazy\" decoding=\"async\" width=\"498\" height=\"1080\" src=\"https:\/\/denis-zammit.com\/wp-content\/uploads\/2023\/08\/La-Station-Galerie-du-10-au-24-Aout-Vaison-la-Romaine.2-1-498x1080.jpg\" alt=\"La Station Galerie - Vaison la Romaine du 10 au 24 Ao\u00fbt\" class=\"wp-image-1948\" srcset=\"https:\/\/denis-zammit.com\/wp-content\/uploads\/2023\/08\/La-Station-Galerie-du-10-au-24-Aout-Vaison-la-Romaine.2-1-498x1080.jpg 498w, https:\/\/denis-zammit.com\/wp-content\/uploads\/2023\/08\/La-Station-Galerie-du-10-au-24-Aout-Vaison-la-Romaine.2-1-138x300.jpg 138w, https:\/\/denis-zammit.com\/wp-content\/uploads\/2023\/08\/La-Station-Galerie-du-10-au-24-Aout-Vaison-la-Romaine.2-1-768x1665.jpg 768w, https:\/\/denis-zammit.com\/wp-content\/uploads\/2023\/08\/La-Station-Galerie-du-10-au-24-Aout-Vaison-la-Romaine.2-1-708x1536.jpg 708w, https:\/\/denis-zammit.com\/wp-content\/uploads\/2023\/08\/La-Station-Galerie-du-10-au-24-Aout-Vaison-la-Romaine.2-1-945x2048.jpg 945w, https:\/\/denis-zammit.com\/wp-content\/uploads\/2023\/08\/La-Station-Galerie-du-10-au-24-Aout-Vaison-la-Romaine.2-1-6x12.jpg 6w, https:\/\/denis-zammit.com\/wp-content\/uploads\/2023\/08\/La-Station-Galerie-du-10-au-24-Aout-Vaison-la-Romaine.2-1-scaled.jpg 1181w\" sizes=\"auto, (max-width: 498px) 100vw, 498px\" \/><\/a><\/figure>\n<\/div>\n\n\n<p class=\"has-text-align-center\">Station Gallery Vaison la Romaine from 10th to 24th August<\/p>\n\n\n<div class=\"wp-block-image\">\n<figure class=\"aligncenter size-large is-resized\"><a href=\"https:\/\/denis-zammit.com\/wp-content\/uploads\/2023\/08\/La-Station-Galerie-du-10-au-24-Aout-Vaison-la-Romaine.3-scaled.jpg\"><img loading=\"lazy\" decoding=\"async\" width=\"1960\" height=\"904\" src=\"https:\/\/denis-zammit.com\/wp-content\/uploads\/2023\/08\/La-Station-Galerie-du-10-au-24-Aout-Vaison-la-Romaine.3-1960x904.jpg\" alt=\"La Station Galerie - Vaison la Romaine du 10 au 24 Ao\u00fbt\" class=\"wp-image-1949\" style=\"width:498px;height:230px\" srcset=\"https:\/\/denis-zammit.com\/wp-content\/uploads\/2023\/08\/La-Station-Galerie-du-10-au-24-Aout-Vaison-la-Romaine.3-1960x904.jpg 1960w, https:\/\/denis-zammit.com\/wp-content\/uploads\/2023\/08\/La-Station-Galerie-du-10-au-24-Aout-Vaison-la-Romaine.3-300x138.jpg 300w, https:\/\/denis-zammit.com\/wp-content\/uploads\/2023\/08\/La-Station-Galerie-du-10-au-24-Aout-Vaison-la-Romaine.3-768x354.jpg 768w, https:\/\/denis-zammit.com\/wp-content\/uploads\/2023\/08\/La-Station-Galerie-du-10-au-24-Aout-Vaison-la-Romaine.3-1536x708.jpg 1536w, https:\/\/denis-zammit.com\/wp-content\/uploads\/2023\/08\/La-Station-Galerie-du-10-au-24-Aout-Vaison-la-Romaine.3-2048x945.jpg 2048w, https:\/\/denis-zammit.com\/wp-content\/uploads\/2023\/08\/La-Station-Galerie-du-10-au-24-Aout-Vaison-la-Romaine.3-18x8.jpg 18w\" sizes=\"auto, (max-width: 1960px) 100vw, 1960px\" \/><\/a><\/figure>\n<\/div>\n\n\n<p class=\"has-text-align-center\">Station Gallery Vaison la Romaine from 10th to 24th August<\/p>\n\n\n<div class=\"wp-block-image\">\n<figure class=\"aligncenter size-large\"><a href=\"https:\/\/denis-zammit.com\/wp-content\/uploads\/2023\/08\/La-Station-Galerie-du-10-au-24-Aout-Vaison-la-Romaine.4-scaled.jpg\"><img loading=\"lazy\" decoding=\"async\" width=\"498\" height=\"1080\" src=\"https:\/\/denis-zammit.com\/wp-content\/uploads\/2023\/08\/La-Station-Galerie-du-10-au-24-Aout-Vaison-la-Romaine.4-498x1080.jpg\" alt=\"La Station Galerie - Vaison la Romaine du 10 au 24 Ao\u00fbt\" class=\"wp-image-1950\" srcset=\"https:\/\/denis-zammit.com\/wp-content\/uploads\/2023\/08\/La-Station-Galerie-du-10-au-24-Aout-Vaison-la-Romaine.4-498x1080.jpg 498w, https:\/\/denis-zammit.com\/wp-content\/uploads\/2023\/08\/La-Station-Galerie-du-10-au-24-Aout-Vaison-la-Romaine.4-138x300.jpg 138w, https:\/\/denis-zammit.com\/wp-content\/uploads\/2023\/08\/La-Station-Galerie-du-10-au-24-Aout-Vaison-la-Romaine.4-768x1665.jpg 768w, https:\/\/denis-zammit.com\/wp-content\/uploads\/2023\/08\/La-Station-Galerie-du-10-au-24-Aout-Vaison-la-Romaine.4-708x1536.jpg 708w, https:\/\/denis-zammit.com\/wp-content\/uploads\/2023\/08\/La-Station-Galerie-du-10-au-24-Aout-Vaison-la-Romaine.4-945x2048.jpg 945w, https:\/\/denis-zammit.com\/wp-content\/uploads\/2023\/08\/La-Station-Galerie-du-10-au-24-Aout-Vaison-la-Romaine.4-6x12.jpg 6w, https:\/\/denis-zammit.com\/wp-content\/uploads\/2023\/08\/La-Station-Galerie-du-10-au-24-Aout-Vaison-la-Romaine.4-scaled.jpg 1181w\" sizes=\"auto, (max-width: 498px) 100vw, 498px\" \/><\/a><\/figure>\n<\/div>\n\n\n<p class=\"has-text-align-center\">Station Gallery Vaison la Romaine from 10th to 24th August<\/p>\n\n\n<div class=\"wp-block-image\">\n<figure class=\"aligncenter size-large\"><a href=\"https:\/\/denis-zammit.com\/wp-content\/uploads\/2023\/08\/La-Station-Galerie-du-10-au-24-Aout-Vaison-la-Romaine.5-scaled.jpg\"><img loading=\"lazy\" decoding=\"async\" width=\"498\" height=\"1080\" src=\"https:\/\/denis-zammit.com\/wp-content\/uploads\/2023\/08\/La-Station-Galerie-du-10-au-24-Aout-Vaison-la-Romaine.5-498x1080.jpg\" alt=\"La Station Galerie - Vaison la Romaine du 10 au 24 Ao\u00fbt\" class=\"wp-image-1951\" srcset=\"https:\/\/denis-zammit.com\/wp-content\/uploads\/2023\/08\/La-Station-Galerie-du-10-au-24-Aout-Vaison-la-Romaine.5-498x1080.jpg 498w, https:\/\/denis-zammit.com\/wp-content\/uploads\/2023\/08\/La-Station-Galerie-du-10-au-24-Aout-Vaison-la-Romaine.5-138x300.jpg 138w, https:\/\/denis-zammit.com\/wp-content\/uploads\/2023\/08\/La-Station-Galerie-du-10-au-24-Aout-Vaison-la-Romaine.5-768x1665.jpg 768w, https:\/\/denis-zammit.com\/wp-content\/uploads\/2023\/08\/La-Station-Galerie-du-10-au-24-Aout-Vaison-la-Romaine.5-708x1536.jpg 708w, https:\/\/denis-zammit.com\/wp-content\/uploads\/2023\/08\/La-Station-Galerie-du-10-au-24-Aout-Vaison-la-Romaine.5-945x2048.jpg 945w, https:\/\/denis-zammit.com\/wp-content\/uploads\/2023\/08\/La-Station-Galerie-du-10-au-24-Aout-Vaison-la-Romaine.5-6x12.jpg 6w, https:\/\/denis-zammit.com\/wp-content\/uploads\/2023\/08\/La-Station-Galerie-du-10-au-24-Aout-Vaison-la-Romaine.5-scaled.jpg 1181w\" sizes=\"auto, (max-width: 498px) 100vw, 498px\" \/><\/a><\/figure>\n<\/div>\n\n\n<p class=\"has-text-align-center\">Station Gallery Vaison la Romaine from 10th to 24th August<\/p>\n\n\n\n<p><\/p>\n\n\n\n<div class=\"wp-block-buttons is-content-justification-center is-layout-flex wp-container-core-buttons-is-layout-16018d1d wp-block-buttons-is-layout-flex\">\n<div class=\"wp-block-button has-custom-font-size is-style-outline has-small-font-size is-style-outline--1\"><a class=\"wp-block-button__link has-black-color has-text-color has-link-color has-text-align-center wp-element-button\" href=\"https:\/\/denis-zammit.com\/en\/expositions-2023\/\">Back<\/a><\/div>\n<\/div>","protected":false},"excerpt":{"rendered":"<p>La Station Galerie &#8211; Vaison la Romaine du 10 au 24 Ao\u00fbt La Station Galerie &#8211; Vaison la Romaine du 10 au 24 Ao\u00fbt La Station Galerie &#8211; Vaison la Romaine du 10 au 24 Ao\u00fbt La Station Galerie &#8211; Vaison la Romaine du 10 au 24 Ao\u00fbt<\/p>","protected":false},"author":2,"featured_media":0,"parent":0,"menu_order":0,"comment_status":"closed","ping_status":"closed","template":"","meta":{"footnotes":""},"class_list":["post-1947","page","type-page","status-publish","hentry"],"_links":{"self":[{"href":"https:\/\/denis-zammit.com\/en\/wp-json\/wp\/v2\/pages\/1947","targetHints":{"allow":["GET"]}}],"collection":[{"href":"https:\/\/denis-zammit.com\/en\/wp-json\/wp\/v2\/pages"}],"about":[{"href":"https:\/\/denis-zammit.com\/en\/wp-json\/wp\/v2\/types\/page"}],"author":[{"embeddable":true,"href":"https:\/\/denis-zammit.com\/en\/wp-json\/wp\/v2\/users\/2"}],"replies":[{"embeddable":true,"href":"https:\/\/denis-zammit.com\/en\/wp-json\/wp\/v2\/comments?post=1947"}],"version-history":[{"count":3,"href":"https:\/\/denis-zammit.com\/en\/wp-json\/wp\/v2\/pages\/1947\/revisions"}],"predecessor-version":[{"id":2184,"href":"https:\/\/denis-zammit.com\/en\/wp-json\/wp\/v2\/pages\/1947\/revisions\/2184"}],"wp:attachment":[{"href":"https:\/\/denis-zammit.com\/en\/wp-json\/wp\/v2\/media?parent=1947"}],"curies":[{"name":"wp","href":"https:\/\/api.w.org\/{rel}","templated":true}]}}