{"id":1901,"date":"2023-07-27T08:57:36","date_gmt":"2023-07-27T06:57:36","guid":{"rendered":"https:\/\/denis-zammit.com\/?page_id=1901"},"modified":"2024-08-24T11:45:25","modified_gmt":"2024-08-24T09:45:25","slug":"terres-de-roussillon","status":"publish","type":"page","link":"https:\/\/denis-zammit.com\/en\/terres-de-roussillon\/","title":{"rendered":"Roussillon's land"},"content":{"rendered":"<div class=\"wp-block-image\">\n<figure class=\"aligncenter size-large is-resized\"><a href=\"https:\/\/denis-zammit.com\/wp-content\/uploads\/2023\/08\/IMG_20230816_131522_1-1-scaled.jpg\"><img loading=\"lazy\" decoding=\"async\" width=\"1960\" height=\"904\" src=\"https:\/\/denis-zammit.com\/wp-content\/uploads\/2023\/08\/IMG_20230816_131522_1-1-1960x904.jpg\" alt=\"Du 16 au 28 Ao\u00fbt Espace Richard Casteau Roussillon\" class=\"wp-image-1930\" style=\"width:390px;height:180px\" srcset=\"https:\/\/denis-zammit.com\/wp-content\/uploads\/2023\/08\/IMG_20230816_131522_1-1-1960x904.jpg 1960w, https:\/\/denis-zammit.com\/wp-content\/uploads\/2023\/08\/IMG_20230816_131522_1-1-300x138.jpg 300w, https:\/\/denis-zammit.com\/wp-content\/uploads\/2023\/08\/IMG_20230816_131522_1-1-768x354.jpg 768w, https:\/\/denis-zammit.com\/wp-content\/uploads\/2023\/08\/IMG_20230816_131522_1-1-1536x709.jpg 1536w, https:\/\/denis-zammit.com\/wp-content\/uploads\/2023\/08\/IMG_20230816_131522_1-1-2048x945.jpg 2048w, https:\/\/denis-zammit.com\/wp-content\/uploads\/2023\/08\/IMG_20230816_131522_1-1-18x8.jpg 18w\" sizes=\"auto, (max-width: 1960px) 100vw, 1960px\" \/><\/a><\/figure>\n<\/div>\n\n\n<p class=\"has-text-align-center\">From 16th to 28th Richard Casteau' space Roussillon<\/p>\n\n\n<div class=\"wp-block-image\">\n<figure class=\"aligncenter size-large is-resized\"><a href=\"https:\/\/denis-zammit.com\/wp-content\/uploads\/2023\/08\/IMG_20230816_162341_12-scaled.jpg\"><img loading=\"lazy\" decoding=\"async\" width=\"609\" height=\"1080\" src=\"https:\/\/denis-zammit.com\/wp-content\/uploads\/2023\/08\/IMG_20230816_162341_12-609x1080.jpg\" alt=\"Du 16 au 28 Ao\u00fbt Espace Richard Casteau Roussillon\" class=\"wp-image-1927\" style=\"width:389px;height:690px\" srcset=\"https:\/\/denis-zammit.com\/wp-content\/uploads\/2023\/08\/IMG_20230816_162341_12-609x1080.jpg 609w, https:\/\/denis-zammit.com\/wp-content\/uploads\/2023\/08\/IMG_20230816_162341_12-169x300.jpg 169w, https:\/\/denis-zammit.com\/wp-content\/uploads\/2023\/08\/IMG_20230816_162341_12-768x1361.jpg 768w, https:\/\/denis-zammit.com\/wp-content\/uploads\/2023\/08\/IMG_20230816_162341_12-867x1536.jpg 867w, https:\/\/denis-zammit.com\/wp-content\/uploads\/2023\/08\/IMG_20230816_162341_12-1156x2048.jpg 1156w, https:\/\/denis-zammit.com\/wp-content\/uploads\/2023\/08\/IMG_20230816_162341_12-7x12.jpg 7w, https:\/\/denis-zammit.com\/wp-content\/uploads\/2023\/08\/IMG_20230816_162341_12-scaled.jpg 1445w\" sizes=\"auto, (max-width: 609px) 100vw, 609px\" \/><\/a><\/figure>\n<\/div>\n\n\n<p class=\"has-text-align-center\">From 16th to 28th Richard Casteau' space Roussillon<\/p>\n\n\n<div class=\"wp-block-image\">\n<figure class=\"aligncenter size-large is-resized\"><a href=\"https:\/\/denis-zammit.com\/wp-content\/uploads\/2023\/08\/IMG_20230816_171703_1-1-scaled.jpg\"><img loading=\"lazy\" decoding=\"async\" width=\"1960\" height=\"904\" src=\"https:\/\/denis-zammit.com\/wp-content\/uploads\/2023\/08\/IMG_20230816_171703_1-1-1960x904.jpg\" alt=\"Du 16 au 28 Ao\u00fbt Espace Richard Casteau Roussillon\" class=\"wp-image-1931\" style=\"width:400px;height:184px\" srcset=\"https:\/\/denis-zammit.com\/wp-content\/uploads\/2023\/08\/IMG_20230816_171703_1-1-1960x904.jpg 1960w, https:\/\/denis-zammit.com\/wp-content\/uploads\/2023\/08\/IMG_20230816_171703_1-1-300x138.jpg 300w, https:\/\/denis-zammit.com\/wp-content\/uploads\/2023\/08\/IMG_20230816_171703_1-1-768x354.jpg 768w, https:\/\/denis-zammit.com\/wp-content\/uploads\/2023\/08\/IMG_20230816_171703_1-1-1536x709.jpg 1536w, https:\/\/denis-zammit.com\/wp-content\/uploads\/2023\/08\/IMG_20230816_171703_1-1-2048x945.jpg 2048w, https:\/\/denis-zammit.com\/wp-content\/uploads\/2023\/08\/IMG_20230816_171703_1-1-18x8.jpg 18w\" sizes=\"auto, (max-width: 1960px) 100vw, 1960px\" \/><\/a><\/figure>\n<\/div>\n\n\n<p class=\"has-text-align-center\">From 16th to 28th Richard Casteau' space Roussillon<\/p>\n\n\n<div class=\"wp-block-image\">\n<figure class=\"aligncenter size-full\"><a href=\"https:\/\/denis-zammit.com\/wp-content\/uploads\/2023\/07\/Affiche-Roussillon-Expo.2.2-2.jpg\"><img loading=\"lazy\" decoding=\"async\" width=\"389\" height=\"550\" src=\"https:\/\/denis-zammit.com\/wp-content\/uploads\/2023\/07\/Affiche-Roussillon-Expo.2.2-2.jpg\" alt=\"Exposition personnelle - Roussillon - Peintures - Sculptures\" class=\"wp-image-1902\" srcset=\"https:\/\/denis-zammit.com\/wp-content\/uploads\/2023\/07\/Affiche-Roussillon-Expo.2.2-2.jpg 389w, https:\/\/denis-zammit.com\/wp-content\/uploads\/2023\/07\/Affiche-Roussillon-Expo.2.2-2-212x300.jpg 212w, https:\/\/denis-zammit.com\/wp-content\/uploads\/2023\/07\/Affiche-Roussillon-Expo.2.2-2-8x12.jpg 8w\" sizes=\"auto, (max-width: 389px) 100vw, 389px\" \/><\/a><\/figure>\n<\/div>\n\n\n<p class=\"has-text-align-center\">Roussillon's land - from 16th to 28th August<\/p>\n\n\n<div class=\"wp-block-image\">\n<figure class=\"aligncenter size-large is-resized\"><img loading=\"lazy\" decoding=\"async\" width=\"763\" height=\"1080\" src=\"https:\/\/denis-zammit.com\/wp-content\/uploads\/2023\/07\/Affiche-Roussillon-Expo-763x1080.jpg\" alt=\"Exposition personnelle - Roussillon - Peintures - Sculptures\" class=\"wp-image-1912\" style=\"width:379px;height:536px\" srcset=\"https:\/\/denis-zammit.com\/wp-content\/uploads\/2023\/07\/Affiche-Roussillon-Expo-763x1080.jpg 763w, https:\/\/denis-zammit.com\/wp-content\/uploads\/2023\/07\/Affiche-Roussillon-Expo-212x300.jpg 212w, https:\/\/denis-zammit.com\/wp-content\/uploads\/2023\/07\/Affiche-Roussillon-Expo-768x1086.jpg 768w, https:\/\/denis-zammit.com\/wp-content\/uploads\/2023\/07\/Affiche-Roussillon-Expo-1086x1536.jpg 1086w, https:\/\/denis-zammit.com\/wp-content\/uploads\/2023\/07\/Affiche-Roussillon-Expo-1448x2048.jpg 1448w, https:\/\/denis-zammit.com\/wp-content\/uploads\/2023\/07\/Affiche-Roussillon-Expo-8x12.jpg 8w, https:\/\/denis-zammit.com\/wp-content\/uploads\/2023\/07\/Affiche-Roussillon-Expo.jpg 1587w\" sizes=\"auto, (max-width: 763px) 100vw, 763px\" \/><\/figure>\n<\/div>\n\n\n<p class=\"has-text-align-center\">Roussillon's land - from 16th to 28th August<\/p>\n\n\n\n<div class=\"wp-block-buttons is-content-justification-center is-layout-flex wp-container-core-buttons-is-layout-16018d1d wp-block-buttons-is-layout-flex\">\n<div class=\"wp-block-button has-custom-font-size is-style-outline has-small-font-size is-style-outline--1\"><a class=\"wp-block-button__link has-black-color has-text-color has-link-color wp-element-button\" href=\"https:\/\/denis-zammit.com\/en\/expositions-2023\/\">Back<\/a><\/div>\n<\/div>\n\n\n\n<p class=\"has-text-align-center\"><\/p>","protected":false},"excerpt":{"rendered":"<p>Du 16 au 28 Ao\u00fbt Espace Richard Casteau Roussillon Du 16 au 28 Ao\u00fbt Espace Richard Casteau Roussillon Du 16 au 28 Ao\u00fbt Espace Richard Casteau Roussillon Terre de Roussillon du 16 au 28 Ao\u00fbt Terre de Roussillon du 16 au 28 Ao\u00fbt<\/p>","protected":false},"author":2,"featured_media":0,"parent":0,"menu_order":0,"comment_status":"closed","ping_status":"closed","template":"","meta":{"footnotes":""},"class_list":["post-1901","page","type-page","status-publish","hentry"],"_links":{"self":[{"href":"https:\/\/denis-zammit.com\/en\/wp-json\/wp\/v2\/pages\/1901","targetHints":{"allow":["GET"]}}],"collection":[{"href":"https:\/\/denis-zammit.com\/en\/wp-json\/wp\/v2\/pages"}],"about":[{"href":"https:\/\/denis-zammit.com\/en\/wp-json\/wp\/v2\/types\/page"}],"author":[{"embeddable":true,"href":"https:\/\/denis-zammit.com\/en\/wp-json\/wp\/v2\/users\/2"}],"replies":[{"embeddable":true,"href":"https:\/\/denis-zammit.com\/en\/wp-json\/wp\/v2\/comments?post=1901"}],"version-history":[{"count":8,"href":"https:\/\/denis-zammit.com\/en\/wp-json\/wp\/v2\/pages\/1901\/revisions"}],"predecessor-version":[{"id":2187,"href":"https:\/\/denis-zammit.com\/en\/wp-json\/wp\/v2\/pages\/1901\/revisions\/2187"}],"wp:attachment":[{"href":"https:\/\/denis-zammit.com\/en\/wp-json\/wp\/v2\/media?parent=1901"}],"curies":[{"name":"wp","href":"https:\/\/api.w.org\/{rel}","templated":true}]}}