{"id":13,"date":"2022-12-17T08:34:24","date_gmt":"2022-12-17T07:34:24","guid":{"rendered":"https:\/\/denis-zammit.com\/?page_id=13"},"modified":"2026-02-11T15:49:43","modified_gmt":"2026-02-11T14:49:43","slug":"a-propos","status":"publish","type":"page","link":"https:\/\/denis-zammit.com\/en\/a-propos\/","title":{"rendered":"About"},"content":{"rendered":"<p>Apr\u00e8s quelques ann\u00e9es d&rsquo;expression figurative, Denis Zammit s&rsquo;est tourn\u00e9 vers une approche plus abstraite de ses sujets. Ses th\u00e8mes, en \u00e9cho avec la nature, sont d\u00e9clin\u00e9s dans diverses s\u00e9ries traitant du paysage, sa min\u00e9ralit\u00e9, le reflet et les mouvements de l&rsquo;eau, ou encore le corps dans sa verticalit\u00e9 et son myst\u00e8re. Il tente par cette exploration, de trouver un passage qui relie le monde ext\u00e9rieur, celui qui l&rsquo;inspire, au monde int\u00e9rieur celui qui l&rsquo;anime et qui l&rsquo;\u00e9meut. Comme une travers\u00e9e. C&rsquo;est le chemin entre ces deux espaces, si une fronti\u00e8re ou une rupture les s\u00e9parent r\u00e9ellement, qu&rsquo;il essaie de tracer et d&#8217;emprunter de toiles en toiles. Chacune d&rsquo;elles venant ouvrir un regard tout \u00e0 la fois particulier, mais \u00e9galement en lien avec une vision plus globale de la s\u00e9rie cr\u00e9\u00e9e. Face \u00e0 la pluralit\u00e9 des diverses vies respectives que nous habitons, cette exp\u00e9rience se veut intime et de partage tout \u00e0 la fois.<\/p>\n\n\n\n<p>Techniquement, les pigments naturels, l&rsquo;encre, la cendre, le brou de noix, la cire, le papier maroufl\u00e9, l&rsquo;acrylique sont les m\u00e9diums qu&rsquo;il utilise. Travaill\u00e9s sur papier, sur toile ou sur bois pour les volumes. Il affectionne leur capacit\u00e9 \u00e0 g\u00e9n\u00e9rer un dialogue entre geste contr\u00f4l\u00e9, intention et retour al\u00e9atoire. Ils cristallisent la continuit\u00e9 de son approche picturale, tourn\u00e9e vers le questionnement et l&rsquo;\u00e9merveillement, de ce qui nous entoure et qui nous constitue.<\/p>\n\n\n\n<p><em>\u00ab\u00a0Dans un monde o\u00f9 les images sont consomm\u00e9es toujours plus et plus vite, la rencontre avec l\u2019\u0153uvre, ne peut avoir lieu que dans un retour au temps long. En se laissant impr\u00e9gner par ce que l&rsquo;on regarde. Dans une interaction sensitive avec les tableaux ou les sculptures qui s&rsquo;offrent au regardeur. Une perception propre \u00e0 chacune et \u00e0 chacun, pour peut-\u00eatre p\u00e9n\u00e9trer et se d\u00e9couvrir dans l&rsquo;un de ces paysages int\u00e9rieurs. Miroirs de la nature, ils nous parlent de l&rsquo;impermanence de ce qui est, de ce que l&rsquo;on regarde, de ce que l&rsquo;on vit. Une transformation perp\u00e9tuelle et universelle. Appara\u00eetre, prendre corps, mati\u00e8re, texture et dispara\u00eetre. Pour devenir autre.\u00a0\u00bb  <\/em> <em>Denis Zammit<\/em><\/p>\n\n\n<div class=\"wp-block-image\">\n<figure class=\"aligncenter size-large is-resized\"><img loading=\"lazy\" decoding=\"async\" width=\"810\" height=\"1080\" src=\"https:\/\/denis-zammit.com\/wp-content\/uploads\/2024\/09\/IMG_20240902_112407-810x1080.jpg\" alt=\"Chapelle Sainte Th\u00e8cle - S\u00e9guret 84 - 2024\" class=\"wp-image-2218\" style=\"width:443px;height:auto\" srcset=\"https:\/\/denis-zammit.com\/wp-content\/uploads\/2024\/09\/IMG_20240902_112407-810x1080.jpg 810w, https:\/\/denis-zammit.com\/wp-content\/uploads\/2024\/09\/IMG_20240902_112407-225x300.jpg 225w, https:\/\/denis-zammit.com\/wp-content\/uploads\/2024\/09\/IMG_20240902_112407-768x1024.jpg 768w, https:\/\/denis-zammit.com\/wp-content\/uploads\/2024\/09\/IMG_20240902_112407-1152x1536.jpg 1152w, https:\/\/denis-zammit.com\/wp-content\/uploads\/2024\/09\/IMG_20240902_112407-1536x2048.jpg 1536w, https:\/\/denis-zammit.com\/wp-content\/uploads\/2024\/09\/IMG_20240902_112407-9x12.jpg 9w, https:\/\/denis-zammit.com\/wp-content\/uploads\/2024\/09\/IMG_20240902_112407-800x1067.jpg 800w, https:\/\/denis-zammit.com\/wp-content\/uploads\/2024\/09\/IMG_20240902_112407-scaled.jpg 1920w\" sizes=\"auto, (max-width: 810px) 100vw, 810px\" \/><\/figure>\n<\/div>\n\n\n<p>To find and\u00a0 unroll the thread which links us to nature and the place we occupy here, is what animates my creations. The tenuous thread where this poetry of nature, of our environment brings us back to the being, to a discussion between outside and inside. Contemplation is the core of  my paintings. In my studio when I come back to the sensation of the fixed gaze I listen to a sort of harmony between what I put on the canvas or the volume and which is the response generated.<\/p>\n\n\n\n<p>Inspired by the elements earth, air and water, mental landscapes take shape and open up new, more abstract spaces, reflections of our intimate sensations. The mediums I use such as walnut stain, ink, wax, pigments binding acrylic and oil, ash and paper allow a back and forth between controlled gesture and random appearance. Their interest lies in their capacity of interaction, mixing, dispersion and erasure.<\/p>\n\n\n\n<p>Between intimate and universal trying to find a path which allowed us to create his own path of painting.<\/p>\n\n\n\n<p> &nbsp;<\/p>\n\n\n\n<h2 class=\"wp-block-heading\">Between earth and sky: A feeling of matter&nbsp;&nbsp;&nbsp;&nbsp;&nbsp;&nbsp;<\/h2>\n\n\n\n<div class=\"su-quote su-quote-style-default su-quote-has-cite\"><div class=\"su-quote-inner su-u-clearfix su-u-trim\">The power of the mineral is omnipresent in Denis Zammit\u2019s works. All immersed in his place of life, inhabited by the telluric forces of the nearby mountain, with its strata, its meanders, its soft and powerful forms, its halo of whiteness, Denis transcribes in fervour and passion his sensations and emotions. His paintings speak of the earth and the sky, of the rock that stands in between, sometimes imposing itself, white, grey or ochre, lined with ash or wax, following the painter\u2019s inspiration. Magic works\u2026 the gaze plunges into infinity, has difficulty detaching itself from it\u2026 a space of calm and serenity emerges from the painting, giving free rein to reverie, to meditation\u2026 An invitation to share Denis Zammit\u2019s intimate garden. <span class=\"su-quote-cite\">Daisy Froger-Droz<\/span><\/div><\/div>\n\n\n\n<div class=\"su-quote su-quote-style-default su-quote-has-cite\"><div class=\"su-quote-inner su-u-clearfix su-u-trim\">In the way of these \u00ab\u00a0dream stones\u00a0\u00bb from China or Japan, Denis Zammit\u2019s paintings introduce us into spaces mimetically related to \u00ab\u00a0landscapes\u00a0\u00bb, mirors of an interiority where coloured areas are concretized, pushed towards the greatest abstraction by the use of blurred colours, layered in suites of horizontal zonings. The coloured materials integrate all density, degradation, erosion, dilution, collusion, dispersion, with transparencies that sometimes thwart subtle ranges of opacity. These are always stratified in horizontal planes such as terrestrial sediments. And at the same time as the gaze lets itself be drawn into the reverie of the distant, by an inversion of perception, one can plunge into other reveries just as well where the force of details leads to unfathomable depths. There is the game that creates the efflorescence of inexhaustible, suspended and recreated worlds. <span class=\"su-quote-cite\">Jo\u00ebl-Claude Meffre<\/span><\/div><\/div>\n\n\n\n<div class=\"wp-block-buttons is-layout-flex wp-block-buttons-is-layout-flex\"><\/div>","protected":false},"excerpt":{"rendered":"<p>Apr\u00e8s quelques ann\u00e9es d&rsquo;expression figurative, Denis Zammit s&rsquo;est tourn\u00e9 vers une approche plus abstraite de ses sujets. Ses th\u00e8mes, en \u00e9cho avec la nature, sont d\u00e9clin\u00e9s dans diverses s\u00e9ries traitant du paysage, sa min\u00e9ralit\u00e9, le reflet et les mouvements de l&rsquo;eau, ou encore le corps dans sa verticalit\u00e9 et son myst\u00e8re. Il tente par cette [&hellip;]<\/p>\n","protected":false},"author":1,"featured_media":0,"parent":0,"menu_order":0,"comment_status":"closed","ping_status":"closed","template":"","meta":{"footnotes":""},"class_list":["post-13","page","type-page","status-publish","hentry"],"_links":{"self":[{"href":"https:\/\/denis-zammit.com\/en\/wp-json\/wp\/v2\/pages\/13","targetHints":{"allow":["GET"]}}],"collection":[{"href":"https:\/\/denis-zammit.com\/en\/wp-json\/wp\/v2\/pages"}],"about":[{"href":"https:\/\/denis-zammit.com\/en\/wp-json\/wp\/v2\/types\/page"}],"author":[{"embeddable":true,"href":"https:\/\/denis-zammit.com\/en\/wp-json\/wp\/v2\/users\/1"}],"replies":[{"embeddable":true,"href":"https:\/\/denis-zammit.com\/en\/wp-json\/wp\/v2\/comments?post=13"}],"version-history":[{"count":21,"href":"https:\/\/denis-zammit.com\/en\/wp-json\/wp\/v2\/pages\/13\/revisions"}],"predecessor-version":[{"id":2523,"href":"https:\/\/denis-zammit.com\/en\/wp-json\/wp\/v2\/pages\/13\/revisions\/2523"}],"wp:attachment":[{"href":"https:\/\/denis-zammit.com\/en\/wp-json\/wp\/v2\/media?parent=13"}],"curies":[{"name":"wp","href":"https:\/\/api.w.org\/{rel}","templated":true}]}}