{"id":1276,"date":"2022-12-19T18:04:54","date_gmt":"2022-12-19T17:04:54","guid":{"rendered":"https:\/\/denis-zammit.com\/?page_id=1276"},"modified":"2024-08-24T11:35:33","modified_gmt":"2024-08-24T09:35:33","slug":"fragments-simiane-la-rotonde","status":"publish","type":"page","link":"https:\/\/denis-zammit.com\/en\/fragments-simiane-la-rotonde\/","title":{"rendered":"Fragment(s) \u2013 Simiane the Rotunda"},"content":{"rendered":"<p><\/p>\n\n\n\n<p>The rotunda, ceremonial room of the dungeon, opens with its unique architecture and its historical functionality a dialogue between interior and exterior. It's punctuated by the succession of arches of the helical vault and the entrance of light in its center by the zenithal oculus of the dome.<\/p>\n\n\n\n<p>This serie of paintings was created from the dialogue between the closed mineral space and that open to the infinity of the sky that surrounds us.<\/p>\n\n\n\n<p>This thread of inspiration, which is at the core of my creative process, allowed me here to approach a first global exterior landscape where light and color attempt to express the various evocations of blue, in its lightness and its depth, its opacity and all its transparency, and then declined in another set of landscapes, like a fragmented vision which opens and reads following the successive rhythm of the stone arches.<\/p>\n\n\n\n<p>Beyond this observed space, threads are stretched between the air, its lightness, its fluidity, and its resonance with the earth, the mineral and the water. They thus come to reveal still other fragments within these fragments of landscapes.<\/p>\n\n\n\n<p>Spaces that meet and then talk to each other, can mix, even merge and lose us in other unknown territories.<\/p>\n\n\n\n<p><\/p>\n\n\n<div class=\"wp-block-image\">\n<figure class=\"aligncenter size-large\"><img loading=\"lazy\" decoding=\"async\" width=\"1960\" height=\"327\" src=\"https:\/\/denis-zammit.com\/wp-content\/uploads\/2022\/12\/ensemble.comp_-1960x327.jpg\" alt=\"Fragment(s) - Simiane la Rotonde - Ch\u00e2teau m\u00e9di\u00e9val\" class=\"wp-image-1046\" srcset=\"https:\/\/denis-zammit.com\/wp-content\/uploads\/2022\/12\/ensemble.comp_-1960x327.jpg 1960w, https:\/\/denis-zammit.com\/wp-content\/uploads\/2022\/12\/ensemble.comp_-300x50.jpg 300w, https:\/\/denis-zammit.com\/wp-content\/uploads\/2022\/12\/ensemble.comp_-768x128.jpg 768w, https:\/\/denis-zammit.com\/wp-content\/uploads\/2022\/12\/ensemble.comp_-1536x256.jpg 1536w, https:\/\/denis-zammit.com\/wp-content\/uploads\/2022\/12\/ensemble.comp_-2048x341.jpg 2048w\" sizes=\"auto, (max-width: 1960px) 100vw, 1960px\" \/><figcaption class=\"wp-element-caption\">Fragment(s) \u2013 Simiane the Rotunda \u2013 Medieval Castle<\/figcaption><\/figure>\n<\/div>\n\n<div class=\"wp-block-image\">\n<figure class=\"aligncenter size-large is-resized\"><a href=\"https:\/\/denis-zammit.com\/wp-content\/uploads\/2022\/12\/IMG_20200902_141049-1-scaled.jpg\"><img loading=\"lazy\" decoding=\"async\" width=\"1440\" height=\"1080\" src=\"https:\/\/denis-zammit.com\/wp-content\/uploads\/2022\/12\/IMG_20200902_141049-1-1440x1080.jpg\" alt=\"Fragment(s) - Simiane la Rotonde - Ch\u00e2teau m\u00e9di\u00e9val\" class=\"wp-image-1282\" style=\"width:381px;height:286px\" srcset=\"https:\/\/denis-zammit.com\/wp-content\/uploads\/2022\/12\/IMG_20200902_141049-1-1440x1080.jpg 1440w, https:\/\/denis-zammit.com\/wp-content\/uploads\/2022\/12\/IMG_20200902_141049-1-300x225.jpg 300w, https:\/\/denis-zammit.com\/wp-content\/uploads\/2022\/12\/IMG_20200902_141049-1-768x576.jpg 768w, https:\/\/denis-zammit.com\/wp-content\/uploads\/2022\/12\/IMG_20200902_141049-1-1536x1152.jpg 1536w, https:\/\/denis-zammit.com\/wp-content\/uploads\/2022\/12\/IMG_20200902_141049-1-2048x1536.jpg 2048w, https:\/\/denis-zammit.com\/wp-content\/uploads\/2022\/12\/IMG_20200902_141049-1-800x600.jpg 800w\" sizes=\"auto, (max-width: 1440px) 100vw, 1440px\" \/><\/a><figcaption class=\"wp-element-caption\">Fragment(s) \u2013 Simiane the Rotunda \u2013 Medieval Castle<\/figcaption><\/figure>\n<\/div>\n\n<div class=\"wp-block-image\">\n<figure class=\"aligncenter size-large is-resized\"><a href=\"https:\/\/denis-zammit.com\/wp-content\/uploads\/2022\/12\/afficheexpo-1.jpg\"><img loading=\"lazy\" decoding=\"async\" width=\"765\" height=\"1080\" src=\"https:\/\/denis-zammit.com\/wp-content\/uploads\/2022\/12\/afficheexpo-1-765x1080.jpg\" alt=\"Fragment(s) - Simiane la Rotonde - Ch\u00e2teau m\u00e9di\u00e9val\" class=\"wp-image-1277\" style=\"width:366px;height:517px\" srcset=\"https:\/\/denis-zammit.com\/wp-content\/uploads\/2022\/12\/afficheexpo-1-765x1080.jpg 765w, https:\/\/denis-zammit.com\/wp-content\/uploads\/2022\/12\/afficheexpo-1-213x300.jpg 213w, https:\/\/denis-zammit.com\/wp-content\/uploads\/2022\/12\/afficheexpo-1-768x1084.jpg 768w, https:\/\/denis-zammit.com\/wp-content\/uploads\/2022\/12\/afficheexpo-1-1088x1536.jpg 1088w, https:\/\/denis-zammit.com\/wp-content\/uploads\/2022\/12\/afficheexpo-1.jpg 1417w\" sizes=\"auto, (max-width: 765px) 100vw, 765px\" \/><\/a><figcaption class=\"wp-element-caption\">Fragment(s) \u2013 Simiane the Rotunda \u2013 Medieval Castle<\/figcaption><\/figure>\n<\/div>\n\n<div class=\"wp-block-image\">\n<figure class=\"aligncenter size-large is-resized\"><a href=\"https:\/\/denis-zammit.com\/wp-content\/uploads\/2022\/12\/IMG_20200902_141124_1-scaled.jpg\"><img loading=\"lazy\" decoding=\"async\" width=\"498\" height=\"1080\" src=\"https:\/\/denis-zammit.com\/wp-content\/uploads\/2022\/12\/IMG_20200902_141124_1-498x1080.jpg\" alt=\"Fragment(s) - Simiane la Rotonde - Ch\u00e2teau m\u00e9di\u00e9val\" class=\"wp-image-1278\" style=\"width:364px;height:789px\" srcset=\"https:\/\/denis-zammit.com\/wp-content\/uploads\/2022\/12\/IMG_20200902_141124_1-498x1080.jpg 498w, https:\/\/denis-zammit.com\/wp-content\/uploads\/2022\/12\/IMG_20200902_141124_1-138x300.jpg 138w, https:\/\/denis-zammit.com\/wp-content\/uploads\/2022\/12\/IMG_20200902_141124_1-768x1665.jpg 768w, https:\/\/denis-zammit.com\/wp-content\/uploads\/2022\/12\/IMG_20200902_141124_1-708x1536.jpg 708w, https:\/\/denis-zammit.com\/wp-content\/uploads\/2022\/12\/IMG_20200902_141124_1-945x2048.jpg 945w, https:\/\/denis-zammit.com\/wp-content\/uploads\/2022\/12\/IMG_20200902_141124_1-scaled.jpg 1181w\" sizes=\"auto, (max-width: 498px) 100vw, 498px\" \/><\/a><figcaption class=\"wp-element-caption\">Fragment(s) \u2013 Simiane the Rotunda \u2013 Medieval Castle<\/figcaption><\/figure>\n<\/div>\n\n<div class=\"wp-block-image\">\n<figure class=\"aligncenter size-large is-resized\"><a href=\"https:\/\/denis-zammit.com\/wp-content\/uploads\/2022\/12\/IMG_20200903_133035-scaled.jpg\"><img loading=\"lazy\" decoding=\"async\" width=\"810\" height=\"1080\" src=\"https:\/\/denis-zammit.com\/wp-content\/uploads\/2022\/12\/IMG_20200903_133035-810x1080.jpg\" alt=\"Fragment(s) - Simiane la Rotonde - Ch\u00e2teau m\u00e9di\u00e9val\" class=\"wp-image-1279\" style=\"width:371px;height:495px\" srcset=\"https:\/\/denis-zammit.com\/wp-content\/uploads\/2022\/12\/IMG_20200903_133035-810x1080.jpg 810w, https:\/\/denis-zammit.com\/wp-content\/uploads\/2022\/12\/IMG_20200903_133035-225x300.jpg 225w, https:\/\/denis-zammit.com\/wp-content\/uploads\/2022\/12\/IMG_20200903_133035-768x1024.jpg 768w, https:\/\/denis-zammit.com\/wp-content\/uploads\/2022\/12\/IMG_20200903_133035-1152x1536.jpg 1152w, https:\/\/denis-zammit.com\/wp-content\/uploads\/2022\/12\/IMG_20200903_133035-1536x2048.jpg 1536w, https:\/\/denis-zammit.com\/wp-content\/uploads\/2022\/12\/IMG_20200903_133035-800x1067.jpg 800w, https:\/\/denis-zammit.com\/wp-content\/uploads\/2022\/12\/IMG_20200903_133035-scaled.jpg 1920w\" sizes=\"auto, (max-width: 810px) 100vw, 810px\" \/><\/a><figcaption class=\"wp-element-caption\">Fragment(s) \u2013 Simiane the Rotunda \u2013 Medieval Castle<\/figcaption><\/figure>\n<\/div>\n\n<div class=\"wp-block-image\">\n<figure class=\"aligncenter size-large is-resized\"><a href=\"https:\/\/denis-zammit.com\/wp-content\/uploads\/2022\/12\/IMG_20200906_113330-scaled.jpg\"><img loading=\"lazy\" decoding=\"async\" width=\"1960\" height=\"904\" src=\"https:\/\/denis-zammit.com\/wp-content\/uploads\/2022\/12\/IMG_20200906_113330-1960x904.jpg\" alt=\"Fragment(s) - Simiane la Rotonde - Ch\u00e2teau m\u00e9di\u00e9val\" class=\"wp-image-1280\" style=\"width:376px;height:173px\" srcset=\"https:\/\/denis-zammit.com\/wp-content\/uploads\/2022\/12\/IMG_20200906_113330-1960x904.jpg 1960w, https:\/\/denis-zammit.com\/wp-content\/uploads\/2022\/12\/IMG_20200906_113330-300x138.jpg 300w, https:\/\/denis-zammit.com\/wp-content\/uploads\/2022\/12\/IMG_20200906_113330-768x354.jpg 768w, https:\/\/denis-zammit.com\/wp-content\/uploads\/2022\/12\/IMG_20200906_113330-1536x708.jpg 1536w, https:\/\/denis-zammit.com\/wp-content\/uploads\/2022\/12\/IMG_20200906_113330-2048x945.jpg 2048w\" sizes=\"auto, (max-width: 1960px) 100vw, 1960px\" \/><\/a><figcaption class=\"wp-element-caption\">Fragment(s) \u2013 Simiane the Rotunda \u2013 Medieval Castle<\/figcaption><\/figure>\n<\/div>\n\n\n<div class=\"wp-block-buttons is-layout-flex wp-block-buttons-is-layout-flex\">\n<div class=\"wp-block-button has-custom-font-size aligncenter is-style-outline has-small-font-size is-style-outline--1\"><a class=\"wp-block-button__link has-black-color has-text-color has-link-color wp-element-button\" href=\"https:\/\/denis-zammit.com\/en\/?page_id=1257&amp;preview=true\">Back<\/a><\/div>\n<\/div>","protected":false},"excerpt":{"rendered":"<p>La rotonde, salle d\u2019apparat du donjon, ouvre par son architecture singuli\u00e8re et sa fonctionnalit\u00e9 historique un dialogue entre int\u00e9rieur et ext\u00e9rieur, rythm\u00e9 par la succession des arches de la vo\u00fbte h\u00e9lico\u00efdale et l\u2019entr\u00e9e de lumi\u00e8re en son centre par l\u2019oculus z\u00e9nithal du d\u00f4me. C\u2019est \u00e0 partir de cette proposition de dialogue entre l\u2019espace clos min\u00e9ral [&hellip;]<\/p>\n","protected":false},"author":2,"featured_media":0,"parent":0,"menu_order":0,"comment_status":"closed","ping_status":"closed","template":"","meta":{"footnotes":""},"class_list":["post-1276","page","type-page","status-publish","hentry"],"_links":{"self":[{"href":"https:\/\/denis-zammit.com\/en\/wp-json\/wp\/v2\/pages\/1276","targetHints":{"allow":["GET"]}}],"collection":[{"href":"https:\/\/denis-zammit.com\/en\/wp-json\/wp\/v2\/pages"}],"about":[{"href":"https:\/\/denis-zammit.com\/en\/wp-json\/wp\/v2\/types\/page"}],"author":[{"embeddable":true,"href":"https:\/\/denis-zammit.com\/en\/wp-json\/wp\/v2\/users\/2"}],"replies":[{"embeddable":true,"href":"https:\/\/denis-zammit.com\/en\/wp-json\/wp\/v2\/comments?post=1276"}],"version-history":[{"count":16,"href":"https:\/\/denis-zammit.com\/en\/wp-json\/wp\/v2\/pages\/1276\/revisions"}],"predecessor-version":[{"id":2173,"href":"https:\/\/denis-zammit.com\/en\/wp-json\/wp\/v2\/pages\/1276\/revisions\/2173"}],"wp:attachment":[{"href":"https:\/\/denis-zammit.com\/en\/wp-json\/wp\/v2\/media?parent=1276"}],"curies":[{"name":"wp","href":"https:\/\/api.w.org\/{rel}","templated":true}]}}